{"id":4714,"date":"2016-03-18T16:03:20","date_gmt":"2016-03-18T16:03:20","guid":{"rendered":"http:\/\/andromeda-buecher.de\/buch2\/?product=der-ursprung-der-deutschen-sprache-und-das-runengeheimnis"},"modified":"2023-11-29T15:42:53","modified_gmt":"2023-11-29T14:42:53","slug":"der-ursprung-der-deutschen-sprache-und-das-runengeheimnis","status":"publish","type":"product","link":"http:\/\/andromeda-buecher.de\/buch2\/produkt\/der-ursprung-der-deutschen-sprache-und-das-runengeheimnis\/","title":{"rendered":"Der Ursprung der deutschen Sprache und das Runengeheimnis"},"content":{"rendered":"<p>Leider nur noch als Kopie lieferbar: 10 DIN A4 Seiten, schreibmaschinengeschrieben.<\/p>\n<p>Der Verfasser, leitender Mitarbeiter der ehemaligen \u201cEdda-Gesellschaft\u201d zeigt hier die symbolischen Zusammenh\u00e4nge zwischen Lautwerten und entsprechenden Zahlen einerseits und den Runenfiguren andererseits. Eine germanisch-kabbalistische Arbeit, die die Auffassung widerlegt, da\u00df sich die Sprache aus primitiven Anf\u00e4ngen allm\u00e4hlich entwickelt h\u00e4tte. Vielmehr setzt die Ursprache eine hochstehende Geisteswelt auf mehreren Daseinsebenen voraus.<\/p>\n","protected":false},"excerpt":{"rendered":"<p>Leider nur noch als Kopie lieferbar: 10 DIN A4 Seiten, schreibmaschinengeschrieben. Der Verfasser, leitender Mitarbeiter der ehemaligen \u201cEdda-Gesellschaft\u201d zeigt hier die symbolischen Zusammenh\u00e4nge zwischen Lautwerten und entsprechenden Zahlen einerseits und den Runenfiguren andererseits. Eine germanisch-kabbalistische Arbeit, die die Auffassung widerlegt, da\u00df sich die Sprache aus primitiven Anf\u00e4ngen allm\u00e4hlich entwickelt h\u00e4tte. Vielmehr setzt die Ursprache eine [&hellip;]<\/p>\n","protected":false},"featured_media":0,"comment_status":"open","ping_status":"closed","template":"","meta":[],"product_cat":[82],"product_tag":[],"_links":{"self":[{"href":"http:\/\/andromeda-buecher.de\/buch2\/wp-json\/wp\/v2\/product\/4714"}],"collection":[{"href":"http:\/\/andromeda-buecher.de\/buch2\/wp-json\/wp\/v2\/product"}],"about":[{"href":"http:\/\/andromeda-buecher.de\/buch2\/wp-json\/wp\/v2\/types\/product"}],"replies":[{"embeddable":true,"href":"http:\/\/andromeda-buecher.de\/buch2\/wp-json\/wp\/v2\/comments?post=4714"}],"wp:attachment":[{"href":"http:\/\/andromeda-buecher.de\/buch2\/wp-json\/wp\/v2\/media?parent=4714"}],"wp:term":[{"taxonomy":"product_cat","embeddable":true,"href":"http:\/\/andromeda-buecher.de\/buch2\/wp-json\/wp\/v2\/product_cat?post=4714"},{"taxonomy":"product_tag","embeddable":true,"href":"http:\/\/andromeda-buecher.de\/buch2\/wp-json\/wp\/v2\/product_tag?post=4714"}],"curies":[{"name":"wp","href":"https:\/\/api.w.org\/{rel}","templated":true}]}}