{"id":4712,"date":"2016-03-18T16:03:20","date_gmt":"2016-03-18T16:03:20","guid":{"rendered":"http:\/\/andromeda-buecher.de\/buch2\/?product=deutsch-mythologische-landschaftsbilder-band-2-innerlichkeit-und-aeusserlichkeit-goldenes-zeitalter-zauber-und-zauberglaube-kala-dreiteilung-hex"},"modified":"2021-06-09T11:01:22","modified_gmt":"2021-06-09T09:01:22","slug":"deutsch-mythologische-landschaftsbilder-band-2-innerlichkeit-und-aeusserlichkeit-goldenes-zeitalter-zauber-und-zauberglaube-kala-dreiteilung-hex","status":"publish","type":"product","link":"http:\/\/andromeda-buecher.de\/buch2\/produkt\/deutsch-mythologische-landschaftsbilder-band-2-innerlichkeit-und-aeusserlichkeit-goldenes-zeitalter-zauber-und-zauberglaube-kala-dreiteilung-hex\/","title":{"rendered":"Deutsch-mythologische Landschaftsbilder (Band 2): Innerlichkeit und \u00c4u\u00dferlichkeit; Goldenes Zeitalter; Zauber und Zauberglaube; Kala; Dreiteilung; Hex"},"content":{"rendered":"<p>von Guido von List<br \/>\nArmanen Verlag, 307 Seiten, zahlreiche Abbildungen<\/p>\n<p>Nach 60 Jahren wieder lieferbar. Anhand zahlreicher alter Orte, Kultst\u00e4tten und Landschaften in der n\u00e4heren und weiteren Umgebung Wiens bringt uns List hier Sitte, Brauchtum, und Leben unserer Ahnen nahe. Aus dem Inhalt: Innerlichkeit und \u00c4u\u00dferlichkeit; Goldenes Zeitalter; Zauber und Zauberglaube; Kala; Dreiteilung; Hexen, Truden, Walen; Wagsteine; Weise; Meister; Adepten; Verchristlichte Ortsnamen; Sagen, Mythen, Braucht\u00fcmer; Vorchristliche \u00dcberlieferungen und verchristlichte wuotanistische Heilst\u00e4tten.<\/p>\n","protected":false},"excerpt":{"rendered":"<p>von Guido von List Armanen Verlag, 307 Seiten, zahlreiche Abbildungen Nach 60 Jahren wieder lieferbar. Anhand zahlreicher alter Orte, Kultst\u00e4tten und Landschaften in der n\u00e4heren und weiteren Umgebung Wiens bringt uns List hier Sitte, Brauchtum, und Leben unserer Ahnen nahe. Aus dem Inhalt: Innerlichkeit und \u00c4u\u00dferlichkeit; Goldenes Zeitalter; Zauber und Zauberglaube; Kala; Dreiteilung; Hexen, Truden, [&hellip;]<\/p>\n","protected":false},"featured_media":14752,"comment_status":"open","ping_status":"closed","template":"","meta":[],"product_cat":[80],"product_tag":[],"_links":{"self":[{"href":"http:\/\/andromeda-buecher.de\/buch2\/wp-json\/wp\/v2\/product\/4712"}],"collection":[{"href":"http:\/\/andromeda-buecher.de\/buch2\/wp-json\/wp\/v2\/product"}],"about":[{"href":"http:\/\/andromeda-buecher.de\/buch2\/wp-json\/wp\/v2\/types\/product"}],"replies":[{"embeddable":true,"href":"http:\/\/andromeda-buecher.de\/buch2\/wp-json\/wp\/v2\/comments?post=4712"}],"wp:featuredmedia":[{"embeddable":true,"href":"http:\/\/andromeda-buecher.de\/buch2\/wp-json\/wp\/v2\/media\/14752"}],"wp:attachment":[{"href":"http:\/\/andromeda-buecher.de\/buch2\/wp-json\/wp\/v2\/media?parent=4712"}],"wp:term":[{"taxonomy":"product_cat","embeddable":true,"href":"http:\/\/andromeda-buecher.de\/buch2\/wp-json\/wp\/v2\/product_cat?post=4712"},{"taxonomy":"product_tag","embeddable":true,"href":"http:\/\/andromeda-buecher.de\/buch2\/wp-json\/wp\/v2\/product_tag?post=4712"}],"curies":[{"name":"wp","href":"https:\/\/api.w.org\/{rel}","templated":true}]}}