{"id":4657,"date":"2016-03-18T16:03:17","date_gmt":"2016-03-18T16:03:17","guid":{"rendered":"http:\/\/andromeda-buecher.de\/buch2\/?product=fragmente-einer-verschollenen-religion-die-geplante-geheimlehre-fuer-die-neue-ordnung-in-europa"},"modified":"2016-03-18T16:03:17","modified_gmt":"2016-03-18T16:03:17","slug":"fragmente-einer-verschollenen-religion-die-geplante-geheimlehre-fuer-die-neue-ordnung-in-europa","status":"publish","type":"product","link":"http:\/\/andromeda-buecher.de\/buch2\/produkt\/fragmente-einer-verschollenen-religion-die-geplante-geheimlehre-fuer-die-neue-ordnung-in-europa\/","title":{"rendered":"Fragmente einer verschollenen Religion: Die geplante Geheimlehre fuer die neue Ordnung in Europa"},"content":{"rendered":"<p>DIN A4, Hei\u00dfklebebindung, Manuskript des Autors <\/p>\n<p>von Rudolf J. Mund<\/p>\n<p>Die geplante Geheimlehre fuer die neue Ordnung in Europa\n<\/p>\n<p>\nZehntausende B\u00fccher sind \u00fcber die &quot;Elite&quot; geschrieben worden, doch was war deren wirkliche Geheimlehre? Wer war der esoterische Ideengeber und Hintergrundmann? Was waren die religi\u00f6sen Pl\u00e4ne f\u00fcr die &quot;Neue Ordnung&quot; in Europa? Was ist das wirkliche Geheimnis der Wewelsburg und der Schwarzen Sonne? Wie sollte die &quot;Neue Religion&quot; f\u00fcr ganz Europa aussehen? Dieses Buch gibt zum erstenmal Einblick in die geheime Welt des esoterischen Hintermannes der geplanten Umgestaltung Europas:<br \/>\nDieses Buch wurde zusammengestellt von Rudolf J. Mund,dem letzten Eingeweihten in die Geheimnisse: am 5. Januar 1985 verstarb \u00fcberraschend Rudolf J. Mund. Mund hatte ein bewegtes Leben hinter sich: Kriegsheld,Schriftsteller und letztes Ordensoberhaupt.\n<\/p>\n<p>\nNach den Recherchen Hans-J\u00fcrgen Langes, scheint festzustehen, da\u00df Wiligut &#8211; aus naheliegenden Gr\u00fcnden &#8211; versucht hat, seine Biographie zu verschleiern. Offenbar hat er sich Himmler und der SS gegen\u00fcber wiederholt in gewisse Mystifikationen gefl\u00fcchtet. Daf\u00fcr etwa, da\u00df Wiligut Vort\u00e4nzer am \u00f6sterreichischen Kaiserhof gewesen und dadurch mit den Erzherz\u00f6gen vertraut gewesen sei, gebe es, so Lange, keinerlei Anhaltspunkte. Gleiches gilt f\u00fcr Wiliguts Behauptung, seine Frau sei die Tochter des letzten Dogen von Venedig gewesen. Der Hinweis der erkl\u00e4rten NS-Gegnerin Frau Schaefer-Gerdau, Wiligut habe bereits vor dem Ersten Weltkrieg in einem esoterischen Zirkel um die Baronin Thaler (Wien, Westbahnstra\u00dfe 25) verkehrt, den u.a. auch Lanz-Liebenfels, Peryt Shou, Franz Spunda und angeblich sogar AH frequentierten, scheint dagegen nicht ganz abwegig; zumindest scheint eine Mitteilung Frau Baltruschs &#8211; in deren Familiengruft Wiligut die letzte Ruhe fand &#8211; an Rudolf Mund dies zu best\u00e4tigen. Interessant ist in diesem Zusammenhang auch folgende, zuf\u00e4llig gemachte Entdeckung beim Durchbl\u00e4ttern von Glahns Astrologischem Volkskalender 1929 (Uranus Verlag, Memmingen 1928), der einen recht eigent\u00fcmlichen Beitrag zur Lehre der sog. &quot;Willenskristalle&quot; aus der Feder einer Maria Thaller enth\u00e4lt, deren Anschrift mit &quot;Wien, Westbahnstra\u00dfe 27&quot; angegeben ist &#8211; und der sowohl inhaltlich als auch durch die Illustrationen stark an das entsprechende Kapitel aus Munds unver\u00f6ffentlichtem Manuskript Fragmente einer verschollenen Religion aus der Wiligut&#8217;schen \u00dcberlieferung erinnert. \u00c4hnliches kann man in Ans\u00e4tzen auch bei Peryt Shou finden, so da\u00df ein gewisser Zusammenhang durchaus als gegeben angenommen werden k\u00f6nnte&#8230;<\/p>\n","protected":false},"excerpt":{"rendered":"<p>DIN A4, Hei\u00dfklebebindung, Manuskript des Autors von Rudolf J. Mund Die geplante Geheimlehre fuer die neue Ordnung in Europa Zehntausende B\u00fccher sind \u00fcber die &quot;Elite&quot; geschrieben worden, doch was war deren wirkliche Geheimlehre? Wer war der esoterische Ideengeber und Hintergrundmann? Was waren die religi\u00f6sen Pl\u00e4ne f\u00fcr die &quot;Neue Ordnung&quot; in Europa? Was ist das wirkliche [&hellip;]<\/p>\n","protected":false},"featured_media":0,"comment_status":"open","ping_status":"closed","template":"","meta":[],"product_cat":[79],"product_tag":[],"_links":{"self":[{"href":"http:\/\/andromeda-buecher.de\/buch2\/wp-json\/wp\/v2\/product\/4657"}],"collection":[{"href":"http:\/\/andromeda-buecher.de\/buch2\/wp-json\/wp\/v2\/product"}],"about":[{"href":"http:\/\/andromeda-buecher.de\/buch2\/wp-json\/wp\/v2\/types\/product"}],"replies":[{"embeddable":true,"href":"http:\/\/andromeda-buecher.de\/buch2\/wp-json\/wp\/v2\/comments?post=4657"}],"wp:attachment":[{"href":"http:\/\/andromeda-buecher.de\/buch2\/wp-json\/wp\/v2\/media?parent=4657"}],"wp:term":[{"taxonomy":"product_cat","embeddable":true,"href":"http:\/\/andromeda-buecher.de\/buch2\/wp-json\/wp\/v2\/product_cat?post=4657"},{"taxonomy":"product_tag","embeddable":true,"href":"http:\/\/andromeda-buecher.de\/buch2\/wp-json\/wp\/v2\/product_tag?post=4657"}],"curies":[{"name":"wp","href":"https:\/\/api.w.org\/{rel}","templated":true}]}}