{"id":4571,"date":"2016-03-18T16:03:13","date_gmt":"2016-03-18T16:03:13","guid":{"rendered":"http:\/\/andromeda-buecher.de\/buch2\/?product=hochverrat-die-wahrheit-ueber-die-politiker-der-weimarer-republik"},"modified":"2016-03-22T16:11:26","modified_gmt":"2016-03-22T15:11:26","slug":"hochverrat-die-wahrheit-ueber-die-politiker-der-weimarer-republik","status":"publish","type":"product","link":"http:\/\/andromeda-buecher.de\/buch2\/produkt\/hochverrat-die-wahrheit-ueber-die-politiker-der-weimarer-republik\/","title":{"rendered":"Hochverrat? Die Wahrheit \u00fcber die Politiker der Weimarer Republik"},"content":{"rendered":"<p>von Claus Claussen<br \/>\nISBN 3-00-011295-2<\/p>\n<p>Was Sie in diesem neuen Buch lesen wird Ihnen die Augen \u00f6ffnen: \u00dcberwiegend Nichtdeutsche, zum Teil Politiker ohne jegliches Nationalgef\u00fchl f\u00fchren nach dem 1. Weltkrieg Deutschland in eine Katastrophe, die schlie\u00dflich im 2. Weltkrieg gipfelte.<\/p>\n<p>Einige dieser Personen dachten in ihren abnormen Hirnen vielleicht an Deutschland \u2013 aber nicht f\u00fcr Deutschland und f\u00fchlten sich zumeist nur ihren fremdl\u00e4ndischen Auftraggebern verpflichtet. Das wird bewiesen! Bewiesen wird aber auch, wer die Urheber des 1. Weltkrieges waren.<\/p>\n<p>Es ist erschreckend zu erkennen, welcher Personenkreis unser Deutschland im und nach dem 1. Weltkrieg in das Chaos f\u00fchrte. Heute werden diese Politiker von den Nachkommen ihrer Auftraggeber heroisiert. Jegliche Kritik an ihnen zieht eine gnadenlose Vernichtung der Kritiker nach sich.<\/p>\n<p>Doch davor sollten wir keine Angst mehr haben!<\/p>\n","protected":false},"excerpt":{"rendered":"<p>von Claus Claussen ISBN 3-00-011295-2 Was Sie in diesem neuen Buch lesen wird Ihnen die Augen \u00f6ffnen: \u00dcberwiegend Nichtdeutsche, zum Teil Politiker ohne jegliches Nationalgef\u00fchl f\u00fchren nach dem 1. Weltkrieg Deutschland in eine Katastrophe, die schlie\u00dflich im 2. Weltkrieg gipfelte. Einige dieser Personen dachten in ihren abnormen Hirnen vielleicht an Deutschland \u2013 aber nicht f\u00fcr [&hellip;]<\/p>\n","protected":false},"featured_media":12458,"comment_status":"open","ping_status":"closed","template":"","meta":[],"product_cat":[143],"product_tag":[],"_links":{"self":[{"href":"http:\/\/andromeda-buecher.de\/buch2\/wp-json\/wp\/v2\/product\/4571"}],"collection":[{"href":"http:\/\/andromeda-buecher.de\/buch2\/wp-json\/wp\/v2\/product"}],"about":[{"href":"http:\/\/andromeda-buecher.de\/buch2\/wp-json\/wp\/v2\/types\/product"}],"replies":[{"embeddable":true,"href":"http:\/\/andromeda-buecher.de\/buch2\/wp-json\/wp\/v2\/comments?post=4571"}],"wp:featuredmedia":[{"embeddable":true,"href":"http:\/\/andromeda-buecher.de\/buch2\/wp-json\/wp\/v2\/media\/12458"}],"wp:attachment":[{"href":"http:\/\/andromeda-buecher.de\/buch2\/wp-json\/wp\/v2\/media?parent=4571"}],"wp:term":[{"taxonomy":"product_cat","embeddable":true,"href":"http:\/\/andromeda-buecher.de\/buch2\/wp-json\/wp\/v2\/product_cat?post=4571"},{"taxonomy":"product_tag","embeddable":true,"href":"http:\/\/andromeda-buecher.de\/buch2\/wp-json\/wp\/v2\/product_tag?post=4571"}],"curies":[{"name":"wp","href":"https:\/\/api.w.org\/{rel}","templated":true}]}}