{"id":4562,"date":"2016-03-18T16:03:13","date_gmt":"2016-03-18T16:03:13","guid":{"rendered":"http:\/\/andromeda-buecher.de\/buch2\/?product=flugscheiben-aus-der-sowjetunion"},"modified":"2016-05-12T19:16:00","modified_gmt":"2016-05-12T17:16:00","slug":"flugscheiben-aus-der-sowjetunion","status":"publish","type":"product","link":"http:\/\/andromeda-buecher.de\/buch2\/produkt\/flugscheiben-aus-der-sowjetunion\/","title":{"rendered":"FLUGSCHEIBEN AUS DER SOWJETUNION"},"content":{"rendered":"<p>&nbsp;<\/p>\n<p>antiquarisches Manuskript<\/p>\n<p>von Leonhard Eckardt &amp; Heiner Gehring<\/p>\n<p>64 S., Abb., A5, Brosch\u00fcre<\/p>\n<p>Die UdSSR baute Flugscheiben \u2013 diese Erkenntnis ist eine wahre Sensation. Bislang galt es als offenes Geheimnis, da\u00df die USA in geheimen Projekten Flugscheiben bauen und testen lie\u00df. Da\u00df es auch die UdSSR tat, ist neu. Der mit dieser Schrift erstmals der \u00d6ffentlichkeit zug\u00e4nglich gemachte Bericht, der freigegebenen US-Archiv-Unterlagen entstammt, enth\u00e4lt den Augenzeugenbericht des Flugscheibenkonstrukteurs Andreas J. Epp \u00fcber sowjetische Flugscheiben in den 1950er Jahren, die im Raum Pirna (DDR) erprobt wurden. Er ist der bislang der ausf\u00fchrlichste, technisch detaillierteste und aus seri\u00f6ser Quelle stammende Beweis f\u00fcr die irdische Herkunft der \u00bbUFOs\u00ab.<\/p>\n","protected":false},"excerpt":{"rendered":"<p>&nbsp; antiquarisches Manuskript von Leonhard Eckardt &amp; Heiner Gehring 64 S., Abb., A5, Brosch\u00fcre Die UdSSR baute Flugscheiben \u2013 diese Erkenntnis ist eine wahre Sensation. Bislang galt es als offenes Geheimnis, da\u00df die USA in geheimen Projekten Flugscheiben bauen und testen lie\u00df. Da\u00df es auch die UdSSR tat, ist neu. Der mit dieser Schrift erstmals [&hellip;]<\/p>\n","protected":false},"featured_media":16672,"comment_status":"open","ping_status":"closed","template":"","meta":[],"product_cat":[173],"product_tag":[],"_links":{"self":[{"href":"http:\/\/andromeda-buecher.de\/buch2\/wp-json\/wp\/v2\/product\/4562"}],"collection":[{"href":"http:\/\/andromeda-buecher.de\/buch2\/wp-json\/wp\/v2\/product"}],"about":[{"href":"http:\/\/andromeda-buecher.de\/buch2\/wp-json\/wp\/v2\/types\/product"}],"replies":[{"embeddable":true,"href":"http:\/\/andromeda-buecher.de\/buch2\/wp-json\/wp\/v2\/comments?post=4562"}],"wp:featuredmedia":[{"embeddable":true,"href":"http:\/\/andromeda-buecher.de\/buch2\/wp-json\/wp\/v2\/media\/16672"}],"wp:attachment":[{"href":"http:\/\/andromeda-buecher.de\/buch2\/wp-json\/wp\/v2\/media?parent=4562"}],"wp:term":[{"taxonomy":"product_cat","embeddable":true,"href":"http:\/\/andromeda-buecher.de\/buch2\/wp-json\/wp\/v2\/product_cat?post=4562"},{"taxonomy":"product_tag","embeddable":true,"href":"http:\/\/andromeda-buecher.de\/buch2\/wp-json\/wp\/v2\/product_tag?post=4562"}],"curies":[{"name":"wp","href":"https:\/\/api.w.org\/{rel}","templated":true}]}}