{"id":4559,"date":"2016-03-18T16:03:13","date_gmt":"2016-03-18T16:03:13","guid":{"rendered":"http:\/\/andromeda-buecher.de\/buch2\/?product=auf-roten-schwingen-das-fliegerleben-des-manfred-von-richthofen"},"modified":"2016-03-26T14:18:01","modified_gmt":"2016-03-26T13:18:01","slug":"auf-roten-schwingen-das-fliegerleben-des-manfred-von-richthofen","status":"publish","type":"product","link":"http:\/\/andromeda-buecher.de\/buch2\/produkt\/auf-roten-schwingen-das-fliegerleben-des-manfred-von-richthofen\/","title":{"rendered":"Auf roten Schwingen &#8211; Das Fliegerleben des Manfred von Richthofen"},"content":{"rendered":"<p>&nbsp;<\/p>\n<p>antiquarisches Restexemplar<\/p>\n<p>&nbsp;<\/p>\n<p>von Erik Cichon<\/p>\n<p>324 S., Abb., 215 x 155 mm, Pb., ISBN 3-935095-0-7<\/p>\n<p>Spricht heute jemand von Luftkampf, so meint er damit Flugzeugduelle, die im wesentlichen mittels elektronischen Steuer- und Leitsystemen und \u00fcber eine gr\u00f6\u00dfere Entfernung per Knopfdruck ausgetragen werden.<\/p>\n<p>W\u00e4hrend des Ersten Weltkrieges jedoch, als die Flugzeugtechnik und die Taktiken noch in den Kinderschuhen steckten, verlangte ein solches Duell vom Piloten ungeheuren Mut, flugtechnische Fertigkeit und bei allem Gl\u00fcck ein gutes Auge.<\/p>\n<p>Einer dieser Flieger, deren Namen noch bis heute fast jedem gel\u00e4ufig sind, war Manfred von Richthofen. Anf\u00e4nglich ein notorischer Bruchpilot, trieb ihn sein verbissener Ehrgeiz bis an die Spitze der erfolgreichsten Jagdflieger aller Zeiten und er heimste durch seine Leistungen h\u00f6chste Auszeichnungen und den ehrlichen Respekt seiner Gegner ein. Ab Anfang 1917 f\u00fcrchteten die alliierten Piloten seinen Namen wie keinen anderen \u2026<\/p>\n","protected":false},"excerpt":{"rendered":"<p>&nbsp; antiquarisches Restexemplar &nbsp; von Erik Cichon 324 S., Abb., 215 x 155 mm, Pb., ISBN 3-935095-0-7 Spricht heute jemand von Luftkampf, so meint er damit Flugzeugduelle, die im wesentlichen mittels elektronischen Steuer- und Leitsystemen und \u00fcber eine gr\u00f6\u00dfere Entfernung per Knopfdruck ausgetragen werden. W\u00e4hrend des Ersten Weltkrieges jedoch, als die Flugzeugtechnik und die Taktiken [&hellip;]<\/p>\n","protected":false},"featured_media":13792,"comment_status":"open","ping_status":"closed","template":"","meta":[],"product_cat":[148],"product_tag":[],"_links":{"self":[{"href":"http:\/\/andromeda-buecher.de\/buch2\/wp-json\/wp\/v2\/product\/4559"}],"collection":[{"href":"http:\/\/andromeda-buecher.de\/buch2\/wp-json\/wp\/v2\/product"}],"about":[{"href":"http:\/\/andromeda-buecher.de\/buch2\/wp-json\/wp\/v2\/types\/product"}],"replies":[{"embeddable":true,"href":"http:\/\/andromeda-buecher.de\/buch2\/wp-json\/wp\/v2\/comments?post=4559"}],"wp:featuredmedia":[{"embeddable":true,"href":"http:\/\/andromeda-buecher.de\/buch2\/wp-json\/wp\/v2\/media\/13792"}],"wp:attachment":[{"href":"http:\/\/andromeda-buecher.de\/buch2\/wp-json\/wp\/v2\/media?parent=4559"}],"wp:term":[{"taxonomy":"product_cat","embeddable":true,"href":"http:\/\/andromeda-buecher.de\/buch2\/wp-json\/wp\/v2\/product_cat?post=4559"},{"taxonomy":"product_tag","embeddable":true,"href":"http:\/\/andromeda-buecher.de\/buch2\/wp-json\/wp\/v2\/product_tag?post=4559"}],"curies":[{"name":"wp","href":"https:\/\/api.w.org\/{rel}","templated":true}]}}