{"id":4524,"date":"2016-03-18T16:03:12","date_gmt":"2016-03-18T16:03:12","guid":{"rendered":"http:\/\/andromeda-buecher.de\/buch2\/?product=unheimliche-begegnungen"},"modified":"2016-03-18T16:03:12","modified_gmt":"2016-03-18T16:03:12","slug":"unheimliche-begegnungen","status":"publish","type":"product","link":"http:\/\/andromeda-buecher.de\/buch2\/produkt\/unheimliche-begegnungen\/","title":{"rendered":"UNHEIMLICHE BEGEGNUNGEN"},"content":{"rendered":"<p>&nbsp;<\/p>\n<p>leider vergriffen seit August 2009! <\/p>\n<p>von Wladislaw Raab\n<\/p>\n<p>\nCTT, 258 S., Abb., DIN A5, Pb.\n<\/p>\n<p>\nDieses grenzwissenschaftliche Kompendium besch\u00e4ftigt sich mit den F\u00e4llen, in denen Menschen von der Begegnung mit exotischen Wesen sprechen. Der Autor hat in jahrelanger Recherchet\u00e4tigkeit 22 dieser irritierenden Berichte genauestens untersucht und schildert nunmehr seine Erfahrungen auf den Spuren des Unfa\u00dfbaren. Beider Analyse der F\u00e4lle stellt sich heraus, dass die Berichte tats\u00e4chlich einen realen Kern enthalten, einen Hinweis auf die tats\u00e4chliche Existenz einer intelligenten Spezies, die sich unseren Sinnen zu entziehen vermag. Mitten in Europa finden Kontakte zu einer nichtmenschlichen Spezies statt! Der Autor vergleicht die von ihm recherchierten Vorf\u00e4lle mit historischen \u00dcberlieferungen und stellt dabei fest, dass die berichteten Konfrontationen mit den &quot;Anderen&quot; eine jahrhunderte-, wenn nicht gar jahrtausendealte Geschichtre haben. In dieser langenm Periode der Koexistenz nahmen die Besucher immer wieder Einfluss auf unsere sozio-kulurellen Strukturen. Sie konditionierten uns auf eine h\u00f6chst defizile Weise, wobei das Ziel dieser Manipulationen noch unentdeckt bleibt. Der Autor scheut auch den Vergleich zwischen Besucherberichten und parapsychologischen Manifestationen nicht. Ebenso beleuchtet er Verbindungen zu Initiationsriten bei Naturv\u00f6lkern. Sein h\u00f6chst unorthodoxes Vorgehen und seine L\u00f6sungsans\u00e4tze erm\u00f6glichen v\u00f6llig neue Sichtweisen auf des Ph\u00e4nomen.<\/p>\n","protected":false},"excerpt":{"rendered":"<p>&nbsp; leider vergriffen seit August 2009! von Wladislaw Raab CTT, 258 S., Abb., DIN A5, Pb. Dieses grenzwissenschaftliche Kompendium besch\u00e4ftigt sich mit den F\u00e4llen, in denen Menschen von der Begegnung mit exotischen Wesen sprechen. Der Autor hat in jahrelanger Recherchet\u00e4tigkeit 22 dieser irritierenden Berichte genauestens untersucht und schildert nunmehr seine Erfahrungen auf den Spuren des [&hellip;]<\/p>\n","protected":false},"featured_media":0,"comment_status":"open","ping_status":"closed","template":"","meta":[],"product_cat":[41],"product_tag":[],"_links":{"self":[{"href":"http:\/\/andromeda-buecher.de\/buch2\/wp-json\/wp\/v2\/product\/4524"}],"collection":[{"href":"http:\/\/andromeda-buecher.de\/buch2\/wp-json\/wp\/v2\/product"}],"about":[{"href":"http:\/\/andromeda-buecher.de\/buch2\/wp-json\/wp\/v2\/types\/product"}],"replies":[{"embeddable":true,"href":"http:\/\/andromeda-buecher.de\/buch2\/wp-json\/wp\/v2\/comments?post=4524"}],"wp:attachment":[{"href":"http:\/\/andromeda-buecher.de\/buch2\/wp-json\/wp\/v2\/media?parent=4524"}],"wp:term":[{"taxonomy":"product_cat","embeddable":true,"href":"http:\/\/andromeda-buecher.de\/buch2\/wp-json\/wp\/v2\/product_cat?post=4524"},{"taxonomy":"product_tag","embeddable":true,"href":"http:\/\/andromeda-buecher.de\/buch2\/wp-json\/wp\/v2\/product_tag?post=4524"}],"curies":[{"name":"wp","href":"https:\/\/api.w.org\/{rel}","templated":true}]}}