{"id":4506,"date":"2016-03-18T16:03:11","date_gmt":"2016-03-18T16:03:11","guid":{"rendered":"http:\/\/andromeda-buecher.de\/buch2\/?product=dvd-mind-control-versklavte-gehirne"},"modified":"2016-03-25T16:18:10","modified_gmt":"2016-03-25T15:18:10","slug":"dvd-mind-control-versklavte-gehirne","status":"publish","type":"product","link":"http:\/\/andromeda-buecher.de\/buch2\/produkt\/dvd-mind-control-versklavte-gehirne\/","title":{"rendered":"DVD Mind Control &#8211; Versklavte Gehirne"},"content":{"rendered":"<p>Vortrag von Heiner Gehring zum Thema Mind Control<br \/>\nvom 22. Januar 2000 beim &#8222;Regen-Treff&#8220;<br \/>\nDVD, ca. 108 Minuten, PAL, Copyright bei franken-buecher, alle Rechte vorbehalten, deutsche Originalversion<br \/>\nAmateur-Video-\/DVD-Aufzeichnung zur reinen Information; den m\u00f6glicherweise unprofessionellen Mitschnitt bitten wir zu entschuldigen &#8211; mit Hollywood-Qualit\u00e4t k\u00f6nnen wir nicht dienen.<\/p>\n<p><span style=\"color: #ff0000;\"><i><b>Den Erl\u00f6s aus dem Verkauf der DVD verwenden wir &#8211; wie mit Heiner Gehring zu seinen Lebzeiten vereinbart &#8211; zum Nachduck seiner anderen Schriften, die ansonsten nicht ver\u00f6ffentlicht wurden und f\u00fcr die wir das Copyright haben. <\/b><\/i><\/span><\/p>\n<p>In diesem Vortrag gibt Heiner Gehring einen \u00dcberblick \u00fcber die Techniken der Mind Control. Er erkl\u00e4rt anschaulich anhand vieler haarstr\u00e4ubender Beispiele die Propaganda in den Medien, Gehirnw\u00e4sche, subliminale Werbung, Verhaltenskontrolle durch elektromagnetische Felder und Beeinflussung des Denkens durch Mikrowellen.<br \/>\nHeiner Gehring kl\u00e4rt auf, was sich hinter dem Begriff MIND CONTROL verbirgt und legt dabei mehr Wert auf fundierte Recherchen als auf spektakul\u00e4re Verschw\u00f6rungsszenarien.<br \/>\nDieser Vortrag warnt vor den Gefahren, die f\u00fcr unser aller Freiheit von den modernen Sklavenhaltern ausgehen. Erstmals wird hier auch auf Mind Control in Deutschland eingegangen und der Schwerpunkt nicht nur auf die USA gelegt. Wem seine pers\u00f6nliche Freiheit wichtig ist, der sollte diesen Film gesehen haben.<\/p>\n<p>Das auf dieser DVD enthaltene Programm und die Ausstattung sind urheberrechtlich gesch\u00fctzt. Der Besitz dieser Disk berechtigt ausschlie\u00dflich zur Vorf\u00fchrung im privaten Bereich f\u00fcr nichtgewerbliche Zwecke. Jede andere Benutzung wie z.B. \u00f6ffentliche Auf- oder Vorf\u00fchrung, Sendung, unerlaubte Vervielf\u00e4ltigung, Tausch oder sonstige gewerbliche Nutzung ist verboten, es sei denn, es liegt eine ausdr\u00fcckliche, schriftliche Genehmigung des Franken-B\u00fccher-Buchversandes vor. Eine Verletzung dieses Verbots verst\u00f6\u00dft gegen geltendes Urheberrecht und zieht zivil- und\/oder strafrechtliche Verfolgung nach sich.<\/p>\n","protected":false},"excerpt":{"rendered":"<p>Vortrag von Heiner Gehring zum Thema Mind Control vom 22. Januar 2000 beim &#8222;Regen-Treff&#8220; DVD, ca. 108 Minuten, PAL, Copyright bei franken-buecher, alle Rechte vorbehalten, deutsche Originalversion Amateur-Video-\/DVD-Aufzeichnung zur reinen Information; den m\u00f6glicherweise unprofessionellen Mitschnitt bitten wir zu entschuldigen &#8211; mit Hollywood-Qualit\u00e4t k\u00f6nnen wir nicht dienen. Den Erl\u00f6s aus dem Verkauf der DVD verwenden wir [&hellip;]<\/p>\n","protected":false},"featured_media":13623,"comment_status":"open","ping_status":"closed","template":"","meta":[],"product_cat":[34],"product_tag":[],"_links":{"self":[{"href":"http:\/\/andromeda-buecher.de\/buch2\/wp-json\/wp\/v2\/product\/4506"}],"collection":[{"href":"http:\/\/andromeda-buecher.de\/buch2\/wp-json\/wp\/v2\/product"}],"about":[{"href":"http:\/\/andromeda-buecher.de\/buch2\/wp-json\/wp\/v2\/types\/product"}],"replies":[{"embeddable":true,"href":"http:\/\/andromeda-buecher.de\/buch2\/wp-json\/wp\/v2\/comments?post=4506"}],"wp:featuredmedia":[{"embeddable":true,"href":"http:\/\/andromeda-buecher.de\/buch2\/wp-json\/wp\/v2\/media\/13623"}],"wp:attachment":[{"href":"http:\/\/andromeda-buecher.de\/buch2\/wp-json\/wp\/v2\/media?parent=4506"}],"wp:term":[{"taxonomy":"product_cat","embeddable":true,"href":"http:\/\/andromeda-buecher.de\/buch2\/wp-json\/wp\/v2\/product_cat?post=4506"},{"taxonomy":"product_tag","embeddable":true,"href":"http:\/\/andromeda-buecher.de\/buch2\/wp-json\/wp\/v2\/product_tag?post=4506"}],"curies":[{"name":"wp","href":"https:\/\/api.w.org\/{rel}","templated":true}]}}