{"id":17776,"date":"2019-02-23T15:04:22","date_gmt":"2019-02-23T14:04:22","guid":{"rendered":"http:\/\/andromeda-buecher.de\/buch2\/?post_type=product&#038;p=17776"},"modified":"2019-02-23T15:04:22","modified_gmt":"2019-02-23T14:04:22","slug":"hyperborea-der-mensch-aus-dem-norden","status":"publish","type":"product","link":"http:\/\/andromeda-buecher.de\/buch2\/produkt\/hyperborea-der-mensch-aus-dem-norden\/","title":{"rendered":"Hyperborea. Der Mensch aus dem Norden"},"content":{"rendered":"<p>in der Fr\u00fchgeschichte<br \/>\nNeue und versch\u00fcttete Erkenntnisse \u00fcber das Doggerland und den Nord-Ostseeraum als Kulturzentren<\/p>\n<p>Physiker befassen sich mit Physik, Mathematiker mit Mathematik und Historiker mit der Geschichtswissenschaft. Wenn sie das denken, sind Sie nicht auf dem neuesten Stand. Denn schon seit einiger Zeit dominieren nicht mehr Historiker die Darstellung des Verlaufs der Menschheitsgeschichte, sondern Mathematiker. Und zwar mit Hilfe der Genetik. Mit Zahlenreihen, Statistiken, Verteilungsh\u00e4ufigkeiten, die kein Laie nachvollziehen kann. Mathematiker im Dienste der Geschichtsverdunkelung sind es, die das Lehrbild der afrikanischen Abstammung aller heute lebender Menschen in Beton gegossen haben; sie sind es, die die These der Einwanderung und Vermischung als evolution\u00e4res Erfolgsmodell zementiert haben; und sie sind es schlie\u00dflich, die die gesamte Geschichte des Nordens Europas als eine Geschichte kontinuierlichen Barbarentums in den K\u00f6pfen der Menschen verankert haben. Ein Barbarentum, das lediglich durch Impulse von Au\u00dfen, vor allem aus dem Orient, von Zeit zu Zeit lichte Momente erlebte, bevor Nordeuropa wie so oft wieder in Kulturlosigkeit verfiel.<br \/>\nWenn sie das glauben, sind sie auf dem neusten Stand, allerdings nur der Lehrmeinung, die Ihnen von interessierter Seite vorgesetzt wird. Da\u00df diese mit der Wahrheit nur wenig zu tun hat, beweist ein eingehenderer Blick auf die Fr\u00fchgeschichte Nordeuropas seit der Altsteinzeit: Hier reichen Ger\u00e4te und Waffen als Ausdruck komplexerer Kultur mehrere Hunderttausend Jahre in die Vergangenheit. Hier entstanden Kunstwerke, die ihresgleichen in der Welt suchen. Aus dem Herzen der heutigen Ost- und Nordsee, vor allem dem heute von Wasser \u00fcbersp\u00fclten Doggerland, dem einstigen Paradies des europ\u00e4ischen Steinzeitmenschen, gingen \u00fcber die Jahrtausende Impulse in die Welt hinaus. Von hier verbreiteten sich religi\u00f6se Ideen wieder Lichtbringerglaube, Bauwerke wie die Megalithbauten, die indogermanische Sprache, Beil, Bogen und schlie\u00dflich auch Wagen. Menschen aus dem Norden hatten Anteil an der Erfindung der Schriftzeichen, der Eisenverh\u00fcttung und an der Errichtung weltweiter Reiche und Kulturen.<br \/>\nDiese Darstellung nimmt sie mit auf eine Reise durch die Fruhzeit des Menschen aus dem Norden &#8211; von der Altsteinzeit bis zum Beginn der Eisenzeit.<\/p>\n<p>352 Seiten, zahlreiche Abbildungen, gebunden im Festeinband<\/p>\n<p>Inhalt<\/p>\n<p>Vorwort<\/p>\n<p>Einleitung: Im Streit um die Fr\u00fchgeschichte<\/p>\n<p>I. \u201eMenschen hinter dem Eis\u201c? Die Altsteinzeit<br \/>\n1. Ankunft des modernen Menschen \/ 2. Unstimmigkeiten im Lehrbild der Out-of-Africa-These \/ 3. Die Realit\u00e4t menschlicher Rassen \/ 3.1. Widerlegt die Genetik den Rassebegriff? \/ 4. Ein Rasse-isolat des nordischen Menschen \/ 4.1. Gr\u00f6nland-Thule als mythische Urheimat \/ 5. Die Auspr\u00e4gung von Kunst &amp; Kultur in Nordwesteuropa \/ 5.1. Aurignac und Gravettien \/ 5.2. Solutr\u00e9en und Magdalenien \/ 6. Kulturelle Errungenschaften der Altsteinzeit<br \/>\nII. Das \u201eParadies\u201c im Doggerland. Die Mittelsteinzeit<br \/>\n1. Der \u00dcbergang zur Se\u00dfhaftigkeit im Doggerland \/ 1.1. Werkzeuge, Waffen, Kunst \/ 1.2. Die Handelsverbindungen der Doggerlandleute \/ 1.3.Die Solutr\u00e9en-Kultur in Amerika? \/ 1.4. Symbolkunde und Sagen \/ 2. Vorgeschichtliche Hochkulturen? \/ 2.1. Europas fr\u00fcheste Megalithkultur? \/ 2.2. Kata-strophenszenario um 10.500 v. Zw. \/ 3. Die \u00e4ltesten nordeurop\u00e4ischen Kulturen \/ 4. Die Sintflut im Norden: die Storegga-Rutschung \/ 4.1. Aufbau nach der Flut: Die Kongemose-Kultur<br \/>\nIII. Trichterbecherkultur und Megalithik: Die Jungsteinzeit<br \/>\n1. Die Erteb\u00f8lle-Ellerbeck-Kultur \/ 2. Kulturen in S\u00fcdosteuropa: Vin\u010da und Starcevo \/ 3. Die Bandkeramiker \/ 4. Die Trichterbecherkultur \/ 4.1. Kultur der Trichterbecher \/ 5. Trichterbecherkultur und Megalithik \/ 5.1. Die Bauwerke der Megalithiker \/ 5.2. Religion und Glaube der Megalithiker \/ 5.3. Astronomie und Mathematik in der Jungsteinzeit \/ 5.4. \u201eBodenhimmel\u201c und Navigation der Megalithiker \/ 6. \u201eWikinger der Steinzeit\u201c: Die Verbreitung der Megalithik \/ 6.1. Die Megalithik in der Bretagne \/ 6.2. Die Megalithik in Gro\u00dfbritannien \/ 6.3. \u201eAmerikas Stonehenge\u201c \/ 6.2. Nordeurop\u00e4er in Mittel- und S\u00fcdamerika \/ 6.3. Megalithiker auf den Kanarischen Inseln \/ 6.4. Megalithiker im Mittelmeerraum \/ 6.5. Megalithiker in \u00c4gypten und Afrika \/ 6.6. Gro\u00dfsteingr\u00e4ber in Ru\u00dfland und am Schwarzen Meer \/ 6.7. Megalithbauten in Asien \/ 6.7. Verbindungen zwischen Megalithik und Sumerern \/ 7. Pyramiden aus Europa<br \/>\nIV. Von der Schnurkeramik zur Bronzezeit<br \/>\n1. Die Schnurkeramische Kultur \/ 2. Die Glockenbecher-Leute \/ 3. Indogermanen und \u201eArier\u201c \/ 3.1. Indogermanische Sprache und Urheimat \/ 4. Die Widerlegung der \u201eKurgan-Heimat\u201c der \u201eindogermanischen Schnurkeramiker\u201c \/ 5. Die Wanderungen der Menschen aus dem Norden \/ 5.1. Doggerland-Exodus (10.500 v. Zw.) \/ 5.2. Megalithische Ausbreitung (Nach 5000) \/ 5.3. Verbreitung der indogermanischen Sprache (Ab 3000) \/ 6.1. Sintaschta und Andronowo-Kultur \/ 6.2. Die Indoarier \/ 6.3. Die Tocharer \/ 6.4. Mykene \/ 6.5. Bernstorf und die Bernsteinstra\u00dfen \/ 6.6. Die Thraker \/ 6.7. Die Hethiter \/ 6.8. Wilusa-\u201eTroja\u201c \/ 6.9. Hurriter und Mitanni \/ 6.10. Habiru und Hyksos \/ 5. Das \u201eGoldene Zeitalter\u201c &#8211; Bronzezeit in Nordeuropa \/ 5.1. Aunjetitzer Kultur und Nordischer Kreis \/ 5.2. Der Sonnenkult der Bronzezeit \/ 5.3. Homers Odyssee in der Ostsee? 6. Kulturelle Errungenschaften der Bronzezeit<br \/>\nV. Das Ende des goldenen Zeitalters: Seev\u00f6lkersturm und \u201eDunkle Jahrhunderte\u201c<br \/>\n1. Die Schlacht an der Tollense \/ 2. Die Urnenfelderkultur \/ 3. Naturkatastrophen am Ende der Bronzezeit \/ 4. Die Seev\u00f6lker \/ 4.1. Die Heimat der Seev\u00f6lker \/ 5. Die Philister und die Kulturimporte \/ 6. Seev\u00f6lker in Amerika \/ 7. Atlantis in der Nordsee? \/ 7.1. Der Kaali-Meteor und weitere Best\u00e4tigungen Spanuths \/ 8. Die Mythen der V\u00f6lker<br \/>\nVI. Auferstanden aus Ruinen: Der Beginn der Eisenzeit<br \/>\n1. Skythen &amp; Kelten \/ 2. Latiner und Etrusker \/ 3. Der Eintritt der Germanen in die Geschichtsschreibung<br \/>\nVII. Zusammenfassung: Ex Nocte Lux<\/p>\n<p>Literatur.<\/p>\n<p>Ortsregister.<\/p>\n","protected":false},"excerpt":{"rendered":"<p>in der Fr\u00fchgeschichte Neue und versch\u00fcttete Erkenntnisse \u00fcber das Doggerland und den Nord-Ostseeraum als Kulturzentren Physiker befassen sich mit Physik, Mathematiker mit Mathematik und Historiker mit der Geschichtswissenschaft. Wenn sie das denken, sind Sie nicht auf dem neuesten Stand. Denn schon seit einiger Zeit dominieren nicht mehr Historiker die Darstellung des Verlaufs der Menschheitsgeschichte, sondern [&hellip;]<\/p>\n","protected":false},"featured_media":17777,"comment_status":"closed","ping_status":"closed","template":"","meta":[],"product_cat":[154,75],"product_tag":[],"_links":{"self":[{"href":"http:\/\/andromeda-buecher.de\/buch2\/wp-json\/wp\/v2\/product\/17776"}],"collection":[{"href":"http:\/\/andromeda-buecher.de\/buch2\/wp-json\/wp\/v2\/product"}],"about":[{"href":"http:\/\/andromeda-buecher.de\/buch2\/wp-json\/wp\/v2\/types\/product"}],"replies":[{"embeddable":true,"href":"http:\/\/andromeda-buecher.de\/buch2\/wp-json\/wp\/v2\/comments?post=17776"}],"wp:featuredmedia":[{"embeddable":true,"href":"http:\/\/andromeda-buecher.de\/buch2\/wp-json\/wp\/v2\/media\/17777"}],"wp:attachment":[{"href":"http:\/\/andromeda-buecher.de\/buch2\/wp-json\/wp\/v2\/media?parent=17776"}],"wp:term":[{"taxonomy":"product_cat","embeddable":true,"href":"http:\/\/andromeda-buecher.de\/buch2\/wp-json\/wp\/v2\/product_cat?post=17776"},{"taxonomy":"product_tag","embeddable":true,"href":"http:\/\/andromeda-buecher.de\/buch2\/wp-json\/wp\/v2\/product_tag?post=17776"}],"curies":[{"name":"wp","href":"https:\/\/api.w.org\/{rel}","templated":true}]}}