{"id":17285,"date":"2017-03-28T13:38:29","date_gmt":"2017-03-28T11:38:29","guid":{"rendered":"http:\/\/andromeda-buecher.de\/buch2\/?post_type=product&#038;p=17285"},"modified":"2017-03-28T13:38:29","modified_gmt":"2017-03-28T11:38:29","slug":"das-keltische-nachrichtensystem-die-verschollene-nachrichtentechnik-der-kelten-rekonstruiert","status":"publish","type":"product","link":"http:\/\/andromeda-buecher.de\/buch2\/produkt\/das-keltische-nachrichtensystem-die-verschollene-nachrichtentechnik-der-kelten-rekonstruiert\/","title":{"rendered":"Das keltische Nachrichtensystem: Die verschollene Nachrichtentechnik der Kelten rekonstruiert"},"content":{"rendered":"<p><b><i><span style=\"color: #990033; font-family: Times New Roman,Times,Times NewRoman; font-size: xx-large;\">Das keltische Nachrichtensystem<\/span><span style=\"color: #000000; font-family: Times New Roman,Times,Times NewRoman; font-size: small;\"><br \/>\n<\/span><span style=\"color: #1514b6; font-family: Times New Roman,Times,Times NewRoman; font-size: large;\">Die verschollene Nachrichtentechnik der Kelten rekonstruiert<\/span><\/i><\/b><\/p>\n<p><span style=\"font-family: Arial; font-size: medium;\"><strong>Forschungsergebnisse des EFODON\u00a0e. V.<b><i><span style=\"color: #1514b6;\">, Gernot Geise<br \/>\n<\/span><\/i><\/b><\/strong><\/span><b><i><span style=\"color: #ff0000; font-family: Arial,Helvetica,sans-serif; font-size: small;\"><br \/>\n<\/span><span style=\"color: #000071; font-family: Arial,Helvetica,sans-serif; font-size: small;\">Das lange vergriffene Standardbuch zum keltischen Nachrichtensystem, neu \u00fcberarbeitet und erg\u00e4nzt!<br \/>\nWie kamen wir eigentlich auf die Idee, dass die \u201eKeltogermanen\u201c ein gut funktionierendes Nachrichtensystem besessen haben mussten? Wie kamen wir dazu, die ganze Problematik um dieses Nachrichtensystem anzugehen und zu erforschen? Wie fing es an?<br \/>\nWir hatten keine Vorgabe daf\u00fcr, denn urspr\u00fcnglich ging es um die Erforschung eines anderen Ph\u00e4nomens, um die sogenannten Keltenschanzen. Das entdeckte keltische Nachrichtensystem war quasi ein \u201eNebenprodukt\u201c unserer Forschungen. Umso erstaunlicher war es, was wir nachweisen konnten: das in Vergessenheit geratene ehemalige Nachrichtensystem der Kelten!<\/span><\/i><\/b><\/p>\n<p><span style=\"font-family: Arial; font-size: small;\"><em>235 Seiten, 181 Abb.<br \/>\nISBN 978-3-932539-53-4<\/em><\/span><\/p>\n","protected":false},"excerpt":{"rendered":"<p>Das keltische Nachrichtensystem Die verschollene Nachrichtentechnik der Kelten rekonstruiert Forschungsergebnisse des EFODON\u00a0e. V., Gernot Geise Das lange vergriffene Standardbuch zum keltischen Nachrichtensystem, neu \u00fcberarbeitet und erg\u00e4nzt! Wie kamen wir eigentlich auf die Idee, dass die \u201eKeltogermanen\u201c ein gut funktionierendes Nachrichtensystem besessen haben mussten? Wie kamen wir dazu, die ganze Problematik um dieses Nachrichtensystem anzugehen und [&hellip;]<\/p>\n","protected":false},"featured_media":17286,"comment_status":"closed","ping_status":"closed","template":"","meta":[],"product_cat":[79],"product_tag":[],"_links":{"self":[{"href":"http:\/\/andromeda-buecher.de\/buch2\/wp-json\/wp\/v2\/product\/17285"}],"collection":[{"href":"http:\/\/andromeda-buecher.de\/buch2\/wp-json\/wp\/v2\/product"}],"about":[{"href":"http:\/\/andromeda-buecher.de\/buch2\/wp-json\/wp\/v2\/types\/product"}],"replies":[{"embeddable":true,"href":"http:\/\/andromeda-buecher.de\/buch2\/wp-json\/wp\/v2\/comments?post=17285"}],"wp:featuredmedia":[{"embeddable":true,"href":"http:\/\/andromeda-buecher.de\/buch2\/wp-json\/wp\/v2\/media\/17286"}],"wp:attachment":[{"href":"http:\/\/andromeda-buecher.de\/buch2\/wp-json\/wp\/v2\/media?parent=17285"}],"wp:term":[{"taxonomy":"product_cat","embeddable":true,"href":"http:\/\/andromeda-buecher.de\/buch2\/wp-json\/wp\/v2\/product_cat?post=17285"},{"taxonomy":"product_tag","embeddable":true,"href":"http:\/\/andromeda-buecher.de\/buch2\/wp-json\/wp\/v2\/product_tag?post=17285"}],"curies":[{"name":"wp","href":"https:\/\/api.w.org\/{rel}","templated":true}]}}