{"id":17220,"date":"2017-03-01T19:39:04","date_gmt":"2017-03-01T18:39:04","guid":{"rendered":"http:\/\/andromeda-buecher.de\/buch2\/?post_type=product&#038;p=17220"},"modified":"2017-03-01T19:39:04","modified_gmt":"2017-03-01T18:39:04","slug":"wie-sich-ein-fuerst-zum-krieg-soll-ruesten-die-gruendung-der-ritter-und-kriegsschule-in-siegen-im-jahr-1616-unter-johann-vii-graf-zu-nassau-siegen-die-aelteste-militaerakademie-der-welt","status":"publish","type":"product","link":"http:\/\/andromeda-buecher.de\/buch2\/produkt\/wie-sich-ein-fuerst-zum-krieg-soll-ruesten-die-gruendung-der-ritter-und-kriegsschule-in-siegen-im-jahr-1616-unter-johann-vii-graf-zu-nassau-siegen-die-aelteste-militaerakademie-der-welt\/","title":{"rendered":"Wie sich ein F\u00fcrst zum Krieg soll r\u00fcsten: Die Gr\u00fcndung der Ritter- und Kriegsschule in Siegen im Jahr 1616 unter Johann VII. Graf zu Nassau-Siegen &#8211; Die \u00e4lteste Milit\u00e4rakademie der Welt"},"content":{"rendered":"<div class=\"n module-type-textWithImage diyfeLiveArea \">\n<div id=\"textWithImage-5091364\" class=\"clearover \">\n<div class=\"textwrapper\">\n<p><strong>&#8222;Wie sich ein F\u00fcrst zum Krieg soll r\u00fcsten&#8220;<\/strong><\/p>\n<p>&nbsp;<\/p>\n<p><strong>Die Gr\u00fcndung der Ritter- und Kriegsschule in Siegen im Jahr 1616 unter Johann VII. Graf zu Nassau-Siegen<\/strong><\/p>\n<p>&nbsp;<\/p>\n<p><strong>Die \u00e4lteste Milit\u00e4rakademie der Welt<\/strong><\/p>\n<p>&nbsp;<\/p>\n<p>ISBN 978-3-95652-184-3, Din A5, Paperback, 72 Seiten,<strong><br \/>\n<\/strong><\/p>\n<p>&nbsp;<\/p>\n<p>Die 1616 unter Johann VII. Graf zu Nassau-Siegen (1561-1623) gegr\u00fcndete \u201eRitter- und Kriegsschule\u201c in Siegen gilt als eine der \u00e4ltesten Milit\u00e4rakademien der Welt. Den Absolventen aus Adelskreisen sollte ein exklusives Lehrprogramm geboten werden. Hohe Fakult\u00e4ten wie Religion, Philosophie und Ethik wurden hier zwar eingeflochten, im Mittelpunkt der standesgem\u00e4\u00dfen Ausbildung standen jedoch milit\u00e4rische Lehrinhalte. In Theorie und Praxis wurden sie in den K\u00fcnsten der Artillerie und Kavallerie unterwiesen. Die Studenten erhielten Reitunterricht und erlernten den Umgang mit verschieden-artigen Waffengattungen. Das Verhalten bei Belagerungen und Feldz\u00fcgen wurde ebenso einstudiert wie ein straffes Exerzierreglement.<\/p>\n<p>Von Anfang an stand aber der Fortbestand der Bildungsanstalt unter schwierigen Vorzeichen. So schied nach nur wenigen Wochen der erste Kriegsschuldirektor Johann Jacobi von Wallhausen aus noch immer ungekl\u00e4rten Umst\u00e4nden aus seinem Amt. Der Ausbruch des Drei\u00dfigj\u00e4hrigen Kriegs im Jahr 1618 und die politischen Auseinandersetzungen in der konfessionell geteilten Grafschaft Nassau-Siegen verhinderten eine Erfolgsgeschichte der Lehranstalt. Trotz der niederl\u00e4ndischen Erhebung gegen die spanische Herrschaft unter Wilhelm I. Prinz von Oranien und des Engagements der Grafen zu Nassau in\u00a0 Diensten der Generalstaaten gelang es nicht, die ritterliche Kriegsschule dauerhaft zu etablieren. Sp\u00e4testens mit dem Tod Johanns VII. im Jahr 1623 verlieren sich ihre Spuren.<\/p>\n<p>Anl\u00e4sslich des 400. Gr\u00fcndungsjubil\u00e4ums im Jahr 2016 portr\u00e4tiert \u201eWie sich ein F\u00fcrst zum Krieg soll r\u00fcsten\u201c die wichtigsten Akteure der oranischen Heeresreform, zu der die Siegener Ritterakademie einen ma\u00dfgeblichen Beitrag leisten sollte.<\/p>\n<\/div>\n<\/div>\n<\/div>\n<div class=\"n module-type-hr diyfeLiveArea \"><\/div>\n","protected":false},"excerpt":{"rendered":"<p>&#8222;Wie sich ein F\u00fcrst zum Krieg soll r\u00fcsten&#8220; &nbsp; Die Gr\u00fcndung der Ritter- und Kriegsschule in Siegen im Jahr 1616 unter Johann VII. Graf zu Nassau-Siegen &nbsp; Die \u00e4lteste Milit\u00e4rakademie der Welt &nbsp; ISBN 978-3-95652-184-3, Din A5, Paperback, 72 Seiten, &nbsp; Die 1616 unter Johann VII. Graf zu Nassau-Siegen (1561-1623) gegr\u00fcndete \u201eRitter- und Kriegsschule\u201c in [&hellip;]<\/p>\n","protected":false},"featured_media":17222,"comment_status":"closed","ping_status":"closed","template":"","meta":[],"product_cat":[75],"product_tag":[],"_links":{"self":[{"href":"http:\/\/andromeda-buecher.de\/buch2\/wp-json\/wp\/v2\/product\/17220"}],"collection":[{"href":"http:\/\/andromeda-buecher.de\/buch2\/wp-json\/wp\/v2\/product"}],"about":[{"href":"http:\/\/andromeda-buecher.de\/buch2\/wp-json\/wp\/v2\/types\/product"}],"replies":[{"embeddable":true,"href":"http:\/\/andromeda-buecher.de\/buch2\/wp-json\/wp\/v2\/comments?post=17220"}],"wp:featuredmedia":[{"embeddable":true,"href":"http:\/\/andromeda-buecher.de\/buch2\/wp-json\/wp\/v2\/media\/17222"}],"wp:attachment":[{"href":"http:\/\/andromeda-buecher.de\/buch2\/wp-json\/wp\/v2\/media?parent=17220"}],"wp:term":[{"taxonomy":"product_cat","embeddable":true,"href":"http:\/\/andromeda-buecher.de\/buch2\/wp-json\/wp\/v2\/product_cat?post=17220"},{"taxonomy":"product_tag","embeddable":true,"href":"http:\/\/andromeda-buecher.de\/buch2\/wp-json\/wp\/v2\/product_tag?post=17220"}],"curies":[{"name":"wp","href":"https:\/\/api.w.org\/{rel}","templated":true}]}}