{"id":16896,"date":"2016-07-28T12:25:29","date_gmt":"2016-07-28T10:25:29","guid":{"rendered":"http:\/\/andromeda-buecher.de\/buch2\/?post_type=product&#038;p=16896"},"modified":"2016-07-28T12:25:29","modified_gmt":"2016-07-28T10:25:29","slug":"aufbruch-in-den-weltraum-die-geheime-geschichte-der-deutschen-v2-rakete","status":"publish","type":"product","link":"http:\/\/andromeda-buecher.de\/buch2\/produkt\/aufbruch-in-den-weltraum-die-geheime-geschichte-der-deutschen-v2-rakete\/","title":{"rendered":"Aufbruch in den Weltraum: Die geheime Geschichte der deutschen V2 Rakete"},"content":{"rendered":"<p>Peter Faber: Aufbruch in den Weltraum<\/p>\n<p>Die geheime V2-Rakete &#8211; von den Anf\u00e4ngen in Peenem\u00fcnde bis zum Einsatz Eine Dokumentation<\/p>\n<p>In dieser ersten umfangreichen Dokumentation \u00fcber die Geheimwaffe V2 beschreibt der Verfasser den Weg der deutschen Raketenentwicklung von ihren bescheidenen Anf\u00e4ngen bis hin zum gigantischen Raketenzentrum Peenem\u00fcnde und ihren Eins\u00e4tzen im Herbst 1944. Anhand der vorliegenden Dokumente kann der Autor nachweisen, dass die oberste deutsche F\u00fchrung die revolutionierenden Erfindungen der deutschen Raketenforscher in ihrer milit\u00e4rischen Bedeutung zu sp\u00e4t begriff und so deren Umsetzung um mindestens 18 Monate verz\u00f6gerte. Ein kriegsentscheidender Technologievorsprung wurde verspielt.<\/p>\n<p><i>2. Auflage, 248 Seiten mit 120 Fotos, Zeichnungen und Dokumenten. Klappenbroschur<\/i><\/p>\n","protected":false},"excerpt":{"rendered":"<p>Peter Faber: Aufbruch in den Weltraum Die geheime V2-Rakete &#8211; von den Anf\u00e4ngen in Peenem\u00fcnde bis zum Einsatz Eine Dokumentation In dieser ersten umfangreichen Dokumentation \u00fcber die Geheimwaffe V2 beschreibt der Verfasser den Weg der deutschen Raketenentwicklung von ihren bescheidenen Anf\u00e4ngen bis hin zum gigantischen Raketenzentrum Peenem\u00fcnde und ihren Eins\u00e4tzen im Herbst 1944. Anhand der [&hellip;]<\/p>\n","protected":false},"featured_media":16897,"comment_status":"closed","ping_status":"closed","template":"","meta":[],"product_cat":[220,148],"product_tag":[],"_links":{"self":[{"href":"http:\/\/andromeda-buecher.de\/buch2\/wp-json\/wp\/v2\/product\/16896"}],"collection":[{"href":"http:\/\/andromeda-buecher.de\/buch2\/wp-json\/wp\/v2\/product"}],"about":[{"href":"http:\/\/andromeda-buecher.de\/buch2\/wp-json\/wp\/v2\/types\/product"}],"replies":[{"embeddable":true,"href":"http:\/\/andromeda-buecher.de\/buch2\/wp-json\/wp\/v2\/comments?post=16896"}],"wp:featuredmedia":[{"embeddable":true,"href":"http:\/\/andromeda-buecher.de\/buch2\/wp-json\/wp\/v2\/media\/16897"}],"wp:attachment":[{"href":"http:\/\/andromeda-buecher.de\/buch2\/wp-json\/wp\/v2\/media?parent=16896"}],"wp:term":[{"taxonomy":"product_cat","embeddable":true,"href":"http:\/\/andromeda-buecher.de\/buch2\/wp-json\/wp\/v2\/product_cat?post=16896"},{"taxonomy":"product_tag","embeddable":true,"href":"http:\/\/andromeda-buecher.de\/buch2\/wp-json\/wp\/v2\/product_tag?post=16896"}],"curies":[{"name":"wp","href":"https:\/\/api.w.org\/{rel}","templated":true}]}}