{"id":16879,"date":"2016-07-18T16:34:44","date_gmt":"2016-07-18T14:34:44","guid":{"rendered":"http:\/\/andromeda-buecher.de\/buch2\/?post_type=product&#038;p=16879"},"modified":"2016-07-18T16:35:18","modified_gmt":"2016-07-18T14:35:18","slug":"keltenschanzen-und-ihre-verborgenen-funktionen-2","status":"publish","type":"product","link":"http:\/\/andromeda-buecher.de\/buch2\/produkt\/keltenschanzen-und-ihre-verborgenen-funktionen-2\/","title":{"rendered":"Keltenschanzen und ihre verborgenen Funktionen"},"content":{"rendered":"<table border=\"0\" cellspacing=\"0\" cellpadding=\"0\">\n<tbody>\n<tr>\n<td class=\"bucket\">\n<h2>Produktinformation<\/h2>\n<div class=\"content\">\n<ul>\n<li><b>Taschenbuch:<\/b> 312 Seiten<\/li>\n<li><b>Verlag:<\/b> EFODON; Auflage: 8 (1. Januar 2007)<\/li>\n<li><b>Sprache:<\/b> Deutsch<\/li>\n<li><b>ISBN-10:<\/b> 3932539303<\/li>\n<li><b>ISBN-13:<\/b> 978-3932539305<\/li>\n<li><b> Gr\u00f6\u00dfe und\/oder Gewicht: <\/b> 20 x 14,4 x 2 cm<\/li>\n<\/ul>\n<\/div>\n<\/td>\n<\/tr>\n<\/tbody>\n<\/table>\n<div id=\"booksTitle\" class=\"feature\" data-feature-name=\"booksTitle\">\n<div class=\"a-section a-spacing-none\">\n<h1 id=\"title\" class=\"a-size-large a-spacing-none\"><span id=\"productTitle\" class=\"a-size-large\">Keltenschanzen und ihre verborgenen Funktionen<\/span> <span class=\"a-size-medium a-color-secondary a-text-normal\">Taschenbuch<\/span> <span class=\"a-size-medium a-color-secondary a-text-normal\">\u2013 1. Januar 2007<\/span><\/h1>\n<\/div>\n<div id=\"byline\" class=\"a-section a-spacing-micro bylineHidden feature\">von <span class=\"author notFaded\" data-width=\"\"> <span class=\"a-declarative\" data-action=\"a-popover\" data-a-popover=\"{&quot;closeButtonLabel&quot;:&quot;Autor-Dialog Popover schlie\u00dfen&quot;,&quot;name&quot;:&quot;contributor-info-B00J5WBHA6&quot;,&quot;position&quot;:&quot;triggerBottom&quot;,&quot;popoverLabel&quot;:&quot;Autor-Dialog Popover&quot;,&quot;allowLinkDefault&quot;:&quot;true&quot;}\"> Gernot L Geise <i class=\"a-icon a-icon-popover\"><\/i> <\/span> <span class=\"contribution\"> <span class=\"a-color-secondary\">(Autor)<\/span> <\/span> <\/span><\/div>\n<\/div>\n<p><span style=\"font-family: Arial,Helvetica,sans-serif; font-size: small;\">&#8222;Keltenschanzen&#8220;, das ist ein Mythos. Viele haben schon einmal in irgendeiner Weise davon geh\u00f6rt, k\u00f6nnen sich aber kein Bild davon machen. &#8222;Das m\u00fcssen wohl irgendwelche Verteidigungsanlagen der Kelten gewesen sein&#8230;?&#8220; Genaueres ist unbekannt. Und da es so gut wie keine M\u00f6glichkeit gibt, diesbez\u00fcgliche Informationen zu erhalten, gibt der am Thema Interessierte bald auf. Warum werden solche Fehlinformationen verbreitet?<br \/>\nKeltenschanzen haben weder etwas mit Kult zu tun, noch mit kriegerischen Auseinandersetzungen oder Viehzucht. Keltenschanzen sind f\u00fcr uns lebenswichtig, denn sie erf\u00fcllen eine technische Funktion: sie wirken harmonisierend auf unsere Witterungsbedingungen. Diese Behauptung mag auf den ersten Blick fantastisch anmuten, doch sie ist das Ergebnis ausgiebiger Untersuchungen durch den EFODON e.V.<\/span><\/p>\n<p>&nbsp;<\/p>\n","protected":false},"excerpt":{"rendered":"<p>Produktinformation Taschenbuch: 312 Seiten Verlag: EFODON; Auflage: 8 (1. Januar 2007) Sprache: Deutsch ISBN-10: 3932539303 ISBN-13: 978-3932539305 Gr\u00f6\u00dfe und\/oder Gewicht: 20 x 14,4 x 2 cm Keltenschanzen und ihre verborgenen Funktionen Taschenbuch \u2013 1. Januar 2007 von Gernot L Geise (Autor) &#8222;Keltenschanzen&#8220;, das ist ein Mythos. Viele haben schon einmal in irgendeiner Weise davon geh\u00f6rt, [&hellip;]<\/p>\n","protected":false},"featured_media":16880,"comment_status":"closed","ping_status":"closed","template":"","meta":[],"product_cat":[154,79],"product_tag":[],"_links":{"self":[{"href":"http:\/\/andromeda-buecher.de\/buch2\/wp-json\/wp\/v2\/product\/16879"}],"collection":[{"href":"http:\/\/andromeda-buecher.de\/buch2\/wp-json\/wp\/v2\/product"}],"about":[{"href":"http:\/\/andromeda-buecher.de\/buch2\/wp-json\/wp\/v2\/types\/product"}],"replies":[{"embeddable":true,"href":"http:\/\/andromeda-buecher.de\/buch2\/wp-json\/wp\/v2\/comments?post=16879"}],"wp:featuredmedia":[{"embeddable":true,"href":"http:\/\/andromeda-buecher.de\/buch2\/wp-json\/wp\/v2\/media\/16880"}],"wp:attachment":[{"href":"http:\/\/andromeda-buecher.de\/buch2\/wp-json\/wp\/v2\/media?parent=16879"}],"wp:term":[{"taxonomy":"product_cat","embeddable":true,"href":"http:\/\/andromeda-buecher.de\/buch2\/wp-json\/wp\/v2\/product_cat?post=16879"},{"taxonomy":"product_tag","embeddable":true,"href":"http:\/\/andromeda-buecher.de\/buch2\/wp-json\/wp\/v2\/product_tag?post=16879"}],"curies":[{"name":"wp","href":"https:\/\/api.w.org\/{rel}","templated":true}]}}