{"id":16472,"date":"2016-04-25T18:41:51","date_gmt":"2016-04-25T16:41:51","guid":{"rendered":"http:\/\/andromeda-buecher.de\/buch2\/?post_type=product&#038;p=16472"},"modified":"2016-04-25T18:41:51","modified_gmt":"2016-04-25T16:41:51","slug":"verschwoerung-bd-2-unheimliche-todesfaelle","status":"publish","type":"product","link":"http:\/\/andromeda-buecher.de\/buch2\/produkt\/verschwoerung-bd-2-unheimliche-todesfaelle\/","title":{"rendered":"Verschw\u00f6rung Bd. 2 &#8211; Unheimliche Todesf\u00e4lle"},"content":{"rendered":"<p>Verschw\u00f6rung Bd. 2 &#8211; Unheimliche Todesf\u00e4lle<\/p>\n<p class=\"bodytext\"><strong><span style=\"font-family: Arial;\"><b>Verschw\u00f6rungen sind real, ebenso wie Mordopfer von Verschw\u00f6rungen &#8211; ein Blick in die Geschichte beweist, da\u00df es schon immmer Zusammenschl\u00fcsse von Personen gab, um andere, zumeist unliebsame Tyrannen, auszuschalten.<br \/>\nDurchgef\u00fchrt werden derartige Morde entweder im Geheimen, durch vermeintliche Selbstmorde, Unf\u00e4lle oder gar getarnt durch gr\u00f6\u00dfere Katastrophen, manchmal auch offen durch gedungene Killer, denen man ein anderes Motiv unterschiebt, an das die T\u00e4ter nicht selten selbst glauben. Diese Morde unter \u201efalscher Flagge\u201c werden in seltenen F\u00e4llen auch durch entsprechend behandelte Menschen durchgef\u00fchrt, die im Moment ihrer Tat keine Kontrolle \u00fcber ihre Handlungen haben und zumeist als \u201everr\u00fcckte Einzelt\u00e4ter\u201c Eingang in die Geschichtsb\u00fccher finden. Die Operateure und Anleiter dieser Mordkomplotte\u00a0 sitzen heute innerhalb der internationeler Geheimdienste. Bis zur Mitte des 20. Jahrhunderts wurde diese Funktion durch die zahlreichen Geheimlogen durchgef\u00fchrt. Stets aber standen und stehen hinter Geheimlogen und -Diensten Personenkreise, welche \u00fcber die Macht verf\u00fcgen eigene Entscheidungen und Pl\u00e4ne so skrupellos umzusetzen, da\u00df nur gelegentlich \u00fcberhau\u00fcpt eine Spur auf dahinter wirkende M\u00e4chte erkennbar wird.<br \/>\nZum Zweck der Zeugenbeseitigung bedienen sich Geheimdienste h\u00e4ufig politischer Extremisten, Terroristen oder mafi\u00f6ser Organisationen, die keine offensichtliche Verbindung zu den wahren Auftraggebern der Taten erkennbar werden lassen. Im Fall der Ausschaltung Lee Harvey Oswalds eines Mafia-Gangsters &#8211;\u00a0in den 70er und 80er waren es vor allem politische Extremisten von Rechts und Links und \u00edn j\u00fcngster Zeit neben \u201eRechtsterroristen (Breivik und NSU) vor allem islamistische Fanatiker. \u201eWenn man die Namensliste all jener ver\u00f6ffentlichen w\u00fcrde, die Geheimdienste in der Geschichte zu liquidieren versuchten, k\u00f6nnte man\u201c &#8211; so Geheimdienstexperte Udo Ulfkotte &#8211; \u201ewohl eine kleine Bibliothek damit f\u00fcllen.\u201c <\/b><\/span><\/strong><\/p>\n<p class=\"bodytext\"><strong><span style=\"font-family: Arial;\">84 Seiten, mehrere Abb., Broschur <\/span><\/strong><\/p>\n<p class=\"bodytext\"><b>Inhalt<\/b><\/p>\n<p><b>\u201eVerschw\u00f6rung aktuell\u201c<\/b><\/p>\n<p><b>Mordkomplotte in der Geschichte<\/b><br \/>\nAlexander d. Gro\u00dfe\/ Julius Cesar \/ Arminius \/ Kaspar Hauser \/ Napoleon\/ Jack the Ripper \/ Rasputin<\/p>\n<p><b>Die Ausschaltung unliebsamer Politiker<\/b><br \/>\nPatrice Lumumba \/ J.F. Kennedy \/ Andrew Jackson \/ Abraham Lincoln \/ Itzak Rabin \/ Jassir Arafat \/ Muhammar Gaddafi\/<\/p>\n<p><b>Unf\u00e4lle &amp; Selbstmorde deutscher Politiker<\/b><br \/>\nDer Uwe Barschel-Skandal \/ Der tiefe Fall des J\u00fcrgen M\u00f6llemann \/ J\u00f6rg Haider &#8211; Unfall mit Ansage<\/p>\n<p><b>Die Ausschaltung von Zeugen<\/b><br \/>\nDie Inslaw-Morde \/ William Colby \/ Massensterben im Umfeld Dutrouxs \/ Der Fall Kampusch \/ Die NSU-Verschw\u00f6rung \/Todesf\u00e4lle im Umfeld Obamas \/ Einblick in die T\u00e4terwerkstatt<\/p>\n<p><b>Erh\u00e4ngt im Namen der Loge? <\/b><br \/>\nKirsten Heisig \/ Die Tron-Verschw\u00f6rung \/ \u201eSelbstmord\u201c in Spandau<\/p>\n<p><b>\u201eKatastrophen\u201c als verdekckte Attentate? <\/b><br \/>\nRammstein \/ Untergang der Estonia \/Absturz in Sambia \/ Das Lockerbie-Attentat \/ Die Smolensk-Trag\u00f6die \/ Geisterflug MH-370 \/MH-317: Tod \u00fcber dem Schlachtfeld<\/p>\n<p><b>Morde per Fernsteuerung?<\/b><br \/>\nSharon Tate \/ Martin Luther King \/ Robert Kennedy \/ John Lennon \/Aurora-Kino-Attentat<\/p>\n<p><b>Jeder prominente Todesfall eine Mordverschw\u00f6rung?<\/b><br \/>\nLady Diana \/ Maryiln Monroe<\/p>\n<p><b>Tod und Geburt eines Phantoms <\/b><br \/>\nOsama Bin Laden \/ Abu Al Bagdadi<\/p>\n<p><b>Bilanz<\/b><\/p>\n<p>&nbsp;<\/p>\n","protected":false},"excerpt":{"rendered":"<p>Verschw\u00f6rung Bd. 2 &#8211; Unheimliche Todesf\u00e4lle Verschw\u00f6rungen sind real, ebenso wie Mordopfer von Verschw\u00f6rungen &#8211; ein Blick in die Geschichte beweist, da\u00df es schon immmer Zusammenschl\u00fcsse von Personen gab, um andere, zumeist unliebsame Tyrannen, auszuschalten. Durchgef\u00fchrt werden derartige Morde entweder im Geheimen, durch vermeintliche Selbstmorde, Unf\u00e4lle oder gar getarnt durch gr\u00f6\u00dfere Katastrophen, manchmal auch offen [&hellip;]<\/p>\n","protected":false},"featured_media":16473,"comment_status":"closed","ping_status":"closed","template":"","meta":[],"product_cat":[174],"product_tag":[],"_links":{"self":[{"href":"http:\/\/andromeda-buecher.de\/buch2\/wp-json\/wp\/v2\/product\/16472"}],"collection":[{"href":"http:\/\/andromeda-buecher.de\/buch2\/wp-json\/wp\/v2\/product"}],"about":[{"href":"http:\/\/andromeda-buecher.de\/buch2\/wp-json\/wp\/v2\/types\/product"}],"replies":[{"embeddable":true,"href":"http:\/\/andromeda-buecher.de\/buch2\/wp-json\/wp\/v2\/comments?post=16472"}],"wp:featuredmedia":[{"embeddable":true,"href":"http:\/\/andromeda-buecher.de\/buch2\/wp-json\/wp\/v2\/media\/16473"}],"wp:attachment":[{"href":"http:\/\/andromeda-buecher.de\/buch2\/wp-json\/wp\/v2\/media?parent=16472"}],"wp:term":[{"taxonomy":"product_cat","embeddable":true,"href":"http:\/\/andromeda-buecher.de\/buch2\/wp-json\/wp\/v2\/product_cat?post=16472"},{"taxonomy":"product_tag","embeddable":true,"href":"http:\/\/andromeda-buecher.de\/buch2\/wp-json\/wp\/v2\/product_tag?post=16472"}],"curies":[{"name":"wp","href":"https:\/\/api.w.org\/{rel}","templated":true}]}}