{"id":16466,"date":"2016-04-25T18:29:04","date_gmt":"2016-04-25T16:29:04","guid":{"rendered":"http:\/\/andromeda-buecher.de\/buch2\/?post_type=product&#038;p=16466"},"modified":"2016-10-27T13:51:11","modified_gmt":"2016-10-27T11:51:11","slug":"ahnenverehrung-und-seelenglaube-band-1-2","status":"publish","type":"product","link":"http:\/\/andromeda-buecher.de\/buch2\/produkt\/ahnenverehrung-und-seelenglaube-band-1-2\/","title":{"rendered":"Ahnenverehrung und Seelenglaube &#8211; Band 1 + 2"},"content":{"rendered":"<p align=\"center\">D. Kr\u00fcger (Hg.): Ahnenverehrung &amp; Seelenglaube &#8211; Band 1 + 2<\/p>\n<p align=\"center\"><span style=\"color: #0000ff; font-family: Arial; font-size: x-large;\">Quellensammlung zum Glaubensverst\u00e4ndnis im 3. Reich<\/span><\/p>\n<p>Religion und Glaube im 3. Reich &#8211; ein Thema, das bislang \u00fcber sporadische \u00c4u\u00dferungen hinaus mangels umfassender wissenschaftlicher Untersuchung bis heute schemenhaft blieb.<\/p>\n<p>\u00dcberwiegend herrscht die Meinung vor, Hitler habe durch seine Parteiinszenierungen, insbesondere Parteitage, Totenehrungen und Aufm\u00e4rsche eine quasireligi\u00f6se Liturgie erschaffen, welche als Ersatz der Religion dienen sollte. Tats\u00e4chlich war das als Burgfrieden zwischen Nationalsozialismus und katholischer Kirche bezeichnete Reichskonkordat lediglich eine Art Waffenstillstandsabkommen, das Hitler innenpolitische Ruhe verschaffte. Mittelfristig plante Hitler allerdings eine Abl\u00f6sung des Christentums &#8211; doch wodurch?<\/p>\n<p>Sollte er tats\u00e4chlich die Parteifeiern als ad\u00e4quaten Ersatz der Kirche betrachtet haben? Oder favorisierte Hitler den Islam als kommende Religion, wie einige aufgrund einer privaten \u00c4u\u00dferung des Reichskanzlers mutma\u00dfen?<\/p>\n<p>Oder war es nicht doch eine R\u00fcckkehr zum Glauben der Altvorderen, zu Odin, Wotan und Thor, der Hitler vorschwebte?<\/p>\n<p>Alle drei Fragen k\u00f6nnen negativ beschieden werden. Wie genau aber eine neue Volksreligion h\u00e4tte aussehen k\u00f6nnen, dar\u00fcber geben auch die Ausspr\u00fcche Hitlers keinen Aufschlu\u00df. Zur Erschlie\u00dfung dieses neuen Glaubens tragen aber weitere Texte anderer Protagonisten bei, die sich &#8211; freilich auf verschiedenen Wegen &#8211; der Idee eines neuen Glaubens ann\u00e4herten. Zitate von Adolf Hitler, Heinrich Himmler, Alfred Rosenberg, Texte von Friedrich Beck, Ernst Krieck, Walther W\u00fcst, Ludwig Fahrenkrog, Erich Jaensch, Gerhard Bednarski, Reinhard Heydrich, Walther Darr\u00e9 und Kurt Eggers.<\/p>\n<p>84 Seiten, gebunden (Broschur)<\/p>\n<p><b>\u00a0<\/b><\/p>\n<p>W\u00e4hrend der 1. Band die Meinungen der f\u00fchrenden Protagonisten des 3. Reiches zur Religion darstellte und einen generellen \u00dcberblick \u00fcber die verschiedenen religionspolitischen Ans\u00e4tze erm\u00f6glichte, befa\u00dft sich dieser 2. Band mit dem Wesen der Religionspraxis im 3. Reich und dem Wirken der Deutschen Glaubensbewegung. Zu den enthaltenen Quellentexten z\u00e4hlen neben Reden und Beitr\u00e4gen der Glaubensbewegungs-Mitglieder Jakob Wilhelm Hauer und Herbert Grabert Beitr\u00e4ge eines Mitglieds der Deutschen Christen, eines f\u00fchrenden Religionsforschers der Zeit sowie des Gauleiters von Bayern.<\/p>\n<p>84 Seiten, gebunden (Broschur)<\/p>\n<p>&nbsp;<\/p>\n","protected":false},"excerpt":{"rendered":"<p>D. Kr\u00fcger (Hg.): Ahnenverehrung &amp; Seelenglaube &#8211; Band 1 + 2 Quellensammlung zum Glaubensverst\u00e4ndnis im 3. Reich Religion und Glaube im 3. Reich &#8211; ein Thema, das bislang \u00fcber sporadische \u00c4u\u00dferungen hinaus mangels umfassender wissenschaftlicher Untersuchung bis heute schemenhaft blieb. \u00dcberwiegend herrscht die Meinung vor, Hitler habe durch seine Parteiinszenierungen, insbesondere Parteitage, Totenehrungen und Aufm\u00e4rsche [&hellip;]<\/p>\n","protected":false},"featured_media":16467,"comment_status":"closed","ping_status":"closed","template":"","meta":[],"product_cat":[79,75],"product_tag":[],"_links":{"self":[{"href":"http:\/\/andromeda-buecher.de\/buch2\/wp-json\/wp\/v2\/product\/16466"}],"collection":[{"href":"http:\/\/andromeda-buecher.de\/buch2\/wp-json\/wp\/v2\/product"}],"about":[{"href":"http:\/\/andromeda-buecher.de\/buch2\/wp-json\/wp\/v2\/types\/product"}],"replies":[{"embeddable":true,"href":"http:\/\/andromeda-buecher.de\/buch2\/wp-json\/wp\/v2\/comments?post=16466"}],"wp:featuredmedia":[{"embeddable":true,"href":"http:\/\/andromeda-buecher.de\/buch2\/wp-json\/wp\/v2\/media\/16467"}],"wp:attachment":[{"href":"http:\/\/andromeda-buecher.de\/buch2\/wp-json\/wp\/v2\/media?parent=16466"}],"wp:term":[{"taxonomy":"product_cat","embeddable":true,"href":"http:\/\/andromeda-buecher.de\/buch2\/wp-json\/wp\/v2\/product_cat?post=16466"},{"taxonomy":"product_tag","embeddable":true,"href":"http:\/\/andromeda-buecher.de\/buch2\/wp-json\/wp\/v2\/product_tag?post=16466"}],"curies":[{"name":"wp","href":"https:\/\/api.w.org\/{rel}","templated":true}]}}