{"id":14275,"date":"2016-03-27T13:47:41","date_gmt":"2016-03-27T11:47:41","guid":{"rendered":"http:\/\/andromeda-buecher.de\/buch2\/?post_type=product&#038;p=14275"},"modified":"2020-03-13T12:45:56","modified_gmt":"2020-03-13T11:45:56","slug":"rasse-und-seele-eine-andere-sicht-der-dinge","status":"publish","type":"product","link":"http:\/\/andromeda-buecher.de\/buch2\/produkt\/rasse-und-seele-eine-andere-sicht-der-dinge\/","title":{"rendered":"Rasse und Seele: Eine andere Sicht der Dinge"},"content":{"rendered":"<p>Eine andere Sicht der Dinge. 198 Seiten, 118 Abb., gebunden<\/p>\n<p>Clau\u00df, Ludwig F.: <strong>Rasse und Seele.<\/strong> Eine andere Sicht der Dinge. 198 S., 118 Abb., geb., (376)<\/p>\n<p>Eine andere Sicht der Dinge \u2013 Standardwerk zum Zusammenhang zwischen Rasse und Seele. Mit seinen zahlreichen B\u00fcchern zum Thema &#8222;Rasse&#8220; erregte er im Deutschland der Zwischenkriegszeit zun\u00e4chst gro\u00dfes Aufsehen und zeitweilig das Wohlwollen der Nationalsozialisten, das aber sp\u00e4ter in offene Ablehnung umschlug: Seine &#8222;Rassen&#8220;\u2013Konzeption war mit jener der Nationalsozialisten nicht kompatibel: &#8222;Rasse&#8220; stellte f\u00fcr ihn ein sozial konstruiertes nonverbales Muster dar, das mehr auf geistiger Basis beruht als auf Blut. Er sprach auch von &#8222;Rasse&#8220; als Gestaltgesetz. Obwohl er eine Korrelationen bestimmter regionalzentrierter physischer und kulturzentrierter psychischer Einzel-Merkmale herausarbeitete, verwies er aber auf die Unm\u00f6glichkeit, eine Koppelung und damit eine genetische Beziehung zwischen physischen und psychischen Merkmalen nachzuweisen. Auch den Nachweis der Erblichkeit psychischer Merkmale im Vergleich von Kulturen hielt er f\u00fcr nicht erbringbar, womit er der damals geltenden Rassemeinung genau so widersprach, wie heutigen Rassisten. Ludwig Ferdinand Clau\u00df besch\u00e4ftigte sich mit Rasse also ausdr\u00fccklich nicht im Sinne einer biologischen Gr\u00f6\u00dfe sondern als geistige Gemeinschaft. Die von ihm entwickelte, der Gestaltpsychologie und Ausdruckspsychologie nahestehende Wissenschaft, nannte er Psychoanthropologie bzw. \u2013 wohl auch in Hinblick auf den damaligen Zeitgeist \u2013 &#8222;Rassenseelenkunde&#8220;. Er erhielt 1936 eine Dozentur an der Friedrich Wilhelm Universit\u00e4t in Berlin. Seine B\u00fccher verkauften sich in den 30er Jahren sehr gut. Clau\u00df weigerte sich seine Forschungen in den Dienst der &#8222;politischen Rassenforschung&#8220; zu stellen, zu der er von den damaligen Machthabern gen\u00f6tigt wurde. Er stellte sich ausdr\u00fccklich gegen die H\u00f6herbewertung bestimmter Kulturen bzw. &#8222;Rassen&#8220; gegen\u00fcber anderen. Insbesondere diese Haltung f\u00fchrte zum Parteiausschlussverfahren, zum Verbot seiner Schriften (1942) und zum Berufsverbot. Dennoch versuchte Himmler Clauss f\u00fcr das SS-Ahnenerbe-Projekt &#8222;Rassen im Kampf&#8220; unter Leitung Bruno Begers zu gewinnen. 198 Seiten, 118 Abb., gebunden (Hardcover\/ Leinen)<\/p>\n","protected":false},"excerpt":{"rendered":"<p>Eine andere Sicht der Dinge. 198 Seiten, 118 Abb., gebunden Clau\u00df, Ludwig F.: Rasse und Seele. Eine andere Sicht der Dinge. 198 S., 118 Abb., geb., (376) Eine andere Sicht der Dinge \u2013 Standardwerk zum Zusammenhang zwischen Rasse und Seele. Mit seinen zahlreichen B\u00fcchern zum Thema &#8222;Rasse&#8220; erregte er im Deutschland der Zwischenkriegszeit zun\u00e4chst gro\u00dfes [&hellip;]<\/p>\n","protected":false},"featured_media":14276,"comment_status":"closed","ping_status":"closed","template":"","meta":[],"product_cat":[143],"product_tag":[],"_links":{"self":[{"href":"http:\/\/andromeda-buecher.de\/buch2\/wp-json\/wp\/v2\/product\/14275"}],"collection":[{"href":"http:\/\/andromeda-buecher.de\/buch2\/wp-json\/wp\/v2\/product"}],"about":[{"href":"http:\/\/andromeda-buecher.de\/buch2\/wp-json\/wp\/v2\/types\/product"}],"replies":[{"embeddable":true,"href":"http:\/\/andromeda-buecher.de\/buch2\/wp-json\/wp\/v2\/comments?post=14275"}],"wp:featuredmedia":[{"embeddable":true,"href":"http:\/\/andromeda-buecher.de\/buch2\/wp-json\/wp\/v2\/media\/14276"}],"wp:attachment":[{"href":"http:\/\/andromeda-buecher.de\/buch2\/wp-json\/wp\/v2\/media?parent=14275"}],"wp:term":[{"taxonomy":"product_cat","embeddable":true,"href":"http:\/\/andromeda-buecher.de\/buch2\/wp-json\/wp\/v2\/product_cat?post=14275"},{"taxonomy":"product_tag","embeddable":true,"href":"http:\/\/andromeda-buecher.de\/buch2\/wp-json\/wp\/v2\/product_tag?post=14275"}],"curies":[{"name":"wp","href":"https:\/\/api.w.org\/{rel}","templated":true}]}}