{"id":11927,"date":"2016-03-19T17:20:55","date_gmt":"2016-03-19T17:20:55","guid":{"rendered":"http:\/\/andromeda-buecher.de\/buch2\/shop\/germanisch-abendlaendische-seins-und-bewusstseinsentwicklung-eine-aufklaerung-zur-krisenbewaeltigung\/"},"modified":"2016-03-30T18:58:38","modified_gmt":"2016-03-30T16:58:38","slug":"germanisch-abendlaendische-seins-und-bewusstseinsentwicklung-eine-aufklaerung-zur-krisenbewaeltigung","status":"publish","type":"product","link":"http:\/\/andromeda-buecher.de\/buch2\/produkt\/germanisch-abendlaendische-seins-und-bewusstseinsentwicklung-eine-aufklaerung-zur-krisenbewaeltigung\/","title":{"rendered":"Germanisch-abendl\u00e4ndische Seins- und Bewu\u00dftseinsentwicklung: Eine Aufkl\u00e4rung zur Krisenbew\u00e4ltigung"},"content":{"rendered":"<p>Das zentrale Problem des germanischen Menschen im Abendland zu Beginn<br \/>\ndes 21. Jahrhunderts ist, da\u00df er, v\u00f6llig unreflektiert, sein Leben<br \/>\nfalsch ausgerichtet hat. Als Folge dieser falschen Ausrichtung<br \/>\nverfl\u00fcchtigen sich f\u00fcr ihn zukunftstr\u00e4chtige, erstrebenswerte Ziele und<br \/>\ndie Menschen versinken in Hoffnungslosigkeit und Lethargie. Ihr Leben<br \/>\nscheint sich im Kreise zu drehen und es gibt f\u00fcr sie keine<br \/>\nEntwicklungsm\u00f6glichkeit mehr. Jedoch ist diese Schwarzseherei<br \/>\nunbegr\u00fcndet und kann \u00fcberwunden werden.<\/p>\n<h2>Produktinformation<\/h2>\n<ul>\n<li><b>Gebundene Ausgabe:<\/b> 78 Seiten<\/li>\n<li><b>Verlag:<\/b> Argo (1. April 2015)<\/li>\n<li><b>Sprache:<\/b> Deutsch<\/li>\n<li><b>ISBN-10:<\/b> 3941800434<\/li>\n<li><b>ISBN-13:<\/b> 978-3941800434<\/li>\n<\/ul>\n<p>&nbsp;<\/p>\n<p>&nbsp;<\/p>\n","protected":false},"excerpt":{"rendered":"<p>Das zentrale Problem des germanischen Menschen im Abendland zu Beginn des 21. Jahrhunderts ist, da\u00df er, v\u00f6llig unreflektiert, sein Leben falsch ausgerichtet hat. Als Folge dieser falschen Ausrichtung verfl\u00fcchtigen sich f\u00fcr ihn zukunftstr\u00e4chtige, erstrebenswerte Ziele und die Menschen versinken in Hoffnungslosigkeit und Lethargie. Ihr Leben scheint sich im Kreise zu drehen und es gibt f\u00fcr [&hellip;]<\/p>\n","protected":false},"featured_media":15415,"comment_status":"closed","ping_status":"closed","template":"","meta":[],"product_cat":[75],"product_tag":[],"_links":{"self":[{"href":"http:\/\/andromeda-buecher.de\/buch2\/wp-json\/wp\/v2\/product\/11927"}],"collection":[{"href":"http:\/\/andromeda-buecher.de\/buch2\/wp-json\/wp\/v2\/product"}],"about":[{"href":"http:\/\/andromeda-buecher.de\/buch2\/wp-json\/wp\/v2\/types\/product"}],"replies":[{"embeddable":true,"href":"http:\/\/andromeda-buecher.de\/buch2\/wp-json\/wp\/v2\/comments?post=11927"}],"wp:featuredmedia":[{"embeddable":true,"href":"http:\/\/andromeda-buecher.de\/buch2\/wp-json\/wp\/v2\/media\/15415"}],"wp:attachment":[{"href":"http:\/\/andromeda-buecher.de\/buch2\/wp-json\/wp\/v2\/media?parent=11927"}],"wp:term":[{"taxonomy":"product_cat","embeddable":true,"href":"http:\/\/andromeda-buecher.de\/buch2\/wp-json\/wp\/v2\/product_cat?post=11927"},{"taxonomy":"product_tag","embeddable":true,"href":"http:\/\/andromeda-buecher.de\/buch2\/wp-json\/wp\/v2\/product_tag?post=11927"}],"curies":[{"name":"wp","href":"https:\/\/api.w.org\/{rel}","templated":true}]}}