{"id":11903,"date":"2016-03-19T17:20:50","date_gmt":"2016-03-19T17:20:50","guid":{"rendered":"http:\/\/andromeda-buecher.de\/buch2\/shop\/geosophie-mensch-und-erde-in-kosmischen-kraftfeldern-die-verborgene-bedeutung-von-landschaftsformen-und-orten\/"},"modified":"2016-03-29T19:21:46","modified_gmt":"2016-03-29T17:21:46","slug":"geosophie-mensch-und-erde-in-kosmischen-kraftfeldern-die-verborgene-bedeutung-von-landschaftsformen-und-orten","status":"publish","type":"product","link":"http:\/\/andromeda-buecher.de\/buch2\/produkt\/geosophie-mensch-und-erde-in-kosmischen-kraftfeldern-die-verborgene-bedeutung-von-landschaftsformen-und-orten\/","title":{"rendered":"Geosophie: Mensch und Erde in kosmischen Kraftfeldern, die verborgene Bedeutung von Landschaftsformen und Orten"},"content":{"rendered":"<p><strong>Conrad E. Terburg<\/strong><\/p>\n<h2>Geosophie<\/h2>\n<h3>Mensch und Erde in kosmischen Kraftfeldern<\/h3>\n<p>Hardcover<br \/>\n300 Seiten<\/p>\n<p>ISBN: 978-3-937987-85-9<\/p>\n<p>Ist<br \/>\nLandschaft G\u00f6tterwerk? Dieses Buch enth\u00fcllt die verborgene Bedeutung<br \/>\nvon Landschaftsformen und Orten der Kraft und f\u00fchrt weit \u00fcber die<br \/>\nlandl\u00e4ufige Geomantie hinaus.<\/p>\n<p>Der Autor erl\u00e4utert komplexe Strukturen voller Geheimnisse:<br \/>\nRiesige<br \/>\nSternbilder, die auf der Erde markiert sind, Kornkreise oder<br \/>\nLandschafts-Pentagramme, deren esoterische Hintergr\u00fcnde und vieles mehr.<\/p>\n<p>Anhand verschiedener Beispiele, wie der mystischen Wewelsburg oder<br \/>\nder Sonnenstadt Karlsruhe, zeigt er Zusammenh\u00e4nge zwischen der okkulten<br \/>\nPlanung von Landschaften und Bauwerken und den esoterischen Aspekten<br \/>\nihrer Geschichte auf.<\/p>\n<p>Siebengebirge und Westerwald, Kassel und das Weserbergland, Hannover,<br \/>\nder Harz, Brandenburg oder Berchtesgaden sind einige der Stationen in<br \/>\ndieser spektakul\u00e4ren Landschaftsanalyse, wie es sie in dieser Form noch<br \/>\nnicht gegeben hat.<\/p>\n<p>So entsteht ein ganz neues Bild der Entwicklung von Erde und Mensch<br \/>\nmit einem v\u00f6llig anderen Konzept, als es die derzeitigen Wissenschaften<br \/>\nbieten.<\/p>\n<p>Ein ausf\u00fchrliches Literaturverzeichnis vermittelt dem Leser Impulse zur eigenen Weiterforschung.<\/p>\n","protected":false},"excerpt":{"rendered":"<p>Conrad E. Terburg Geosophie Mensch und Erde in kosmischen Kraftfeldern Hardcover 300 Seiten ISBN: 978-3-937987-85-9 Ist Landschaft G\u00f6tterwerk? Dieses Buch enth\u00fcllt die verborgene Bedeutung von Landschaftsformen und Orten der Kraft und f\u00fchrt weit \u00fcber die landl\u00e4ufige Geomantie hinaus. Der Autor erl\u00e4utert komplexe Strukturen voller Geheimnisse: Riesige Sternbilder, die auf der Erde markiert sind, Kornkreise oder [&hellip;]<\/p>\n","protected":false},"featured_media":15171,"comment_status":"closed","ping_status":"closed","template":"","meta":[],"product_cat":[168],"product_tag":[],"_links":{"self":[{"href":"http:\/\/andromeda-buecher.de\/buch2\/wp-json\/wp\/v2\/product\/11903"}],"collection":[{"href":"http:\/\/andromeda-buecher.de\/buch2\/wp-json\/wp\/v2\/product"}],"about":[{"href":"http:\/\/andromeda-buecher.de\/buch2\/wp-json\/wp\/v2\/types\/product"}],"replies":[{"embeddable":true,"href":"http:\/\/andromeda-buecher.de\/buch2\/wp-json\/wp\/v2\/comments?post=11903"}],"wp:featuredmedia":[{"embeddable":true,"href":"http:\/\/andromeda-buecher.de\/buch2\/wp-json\/wp\/v2\/media\/15171"}],"wp:attachment":[{"href":"http:\/\/andromeda-buecher.de\/buch2\/wp-json\/wp\/v2\/media?parent=11903"}],"wp:term":[{"taxonomy":"product_cat","embeddable":true,"href":"http:\/\/andromeda-buecher.de\/buch2\/wp-json\/wp\/v2\/product_cat?post=11903"},{"taxonomy":"product_tag","embeddable":true,"href":"http:\/\/andromeda-buecher.de\/buch2\/wp-json\/wp\/v2\/product_tag?post=11903"}],"curies":[{"name":"wp","href":"https:\/\/api.w.org\/{rel}","templated":true}]}}