{"id":11759,"date":"2016-03-19T17:20:20","date_gmt":"2016-03-19T17:20:20","guid":{"rendered":"http:\/\/andromeda-buecher.de\/buch2\/shop\/das-ganz-andere-im-stein-was-sakrale-steine-felsen-und-berge-vor-uns-verbergen\/"},"modified":"2016-03-26T20:41:05","modified_gmt":"2016-03-26T19:41:05","slug":"das-ganz-andere-im-stein-was-sakrale-steine-felsen-und-berge-vor-uns-verbergen","status":"publish","type":"product","link":"http:\/\/andromeda-buecher.de\/buch2\/produkt\/das-ganz-andere-im-stein-was-sakrale-steine-felsen-und-berge-vor-uns-verbergen\/","title":{"rendered":"Das ganz Andere im Stein: Was sakrale Steine, Felsen und Berge vor uns verbergen"},"content":{"rendered":"<p>&nbsp;<\/p>\n<p>Was sakrale Steine, Felsen und Berge vor uns verbergen<br \/>\nVon: Bauer, Wolfgang &#8211; Zerling, Clemens<br \/>\nSynergia Verlag, 2012, 288 Seiten, gebunden<br \/>\nISBN: 978-3-939272-52-6<\/p>\n<p>Ein Fels ist zu Stein gewordene Musik.<\/p>\n<p>(Pythagoras zugeschrieben)<\/p>\n<p>Alle Kulturen auf der Welt verehren besonders markante Steine, Berge und<br \/>\nFelsformationen. An Steinen opferten die Menschen, hielten Zwiesprache<br \/>\nmit den Ahnen, suchten Weissagung, Schutz, Trost und Gebetserh\u00f6rung,<br \/>\nhielten Gericht, vollzogen Hochzeiten und vertrauten dort ihre<br \/>\nVerstorbenen wieder der Erdmutter an. Was ist dieses \u201eganz Andere im<br \/>\nStein\u201c?<\/p>\n<p>Steine demonstrieren Macht, H\u00e4rte, Dauer. Sie frappieren den Menschen<br \/>\ndurch das Unab\u00e4nderliche und Absolute ihres Wesens. Als religi\u00f6se<br \/>\nErfahrung verm\u00f6gen sie das \u00dcberzeitliche zu offenbaren, das keinem<br \/>\nAngriff durch Werden und Wandel unterliegt.<\/p>\n<p>Wolfgang Bauer und Clemens Zerling gehen den \u00e4ltesten Spuren von<br \/>\nSteinverehrung nach und suchen nach verloren gegangenen oder wieder<br \/>\ngefundenen Zug\u00e4ngen. Sie beschreiben im Volksglauben verankerte<br \/>\nHeilrituale oder -br\u00e4uche und zeigen Gr\u00fcnde daf\u00fcr auf, dass neue Kulte<br \/>\nentstehen. Die Autoren liefern dabei einen Einblick in die erstaunliche<br \/>\nVielfalt der Beziehungen zwischen Stein und Mensch. So wendet sich<br \/>\ndieses Buch nicht nur an Erlebniswanderer und Liebhaber von<br \/>\ngeheimnisvollen kultischen Pl\u00e4tzen in der Natur. Es wendet sich an alle,<br \/>\ndie das Erschauern vor dem \u201eWunder Natur\u201c noch nicht verlernt haben;<br \/>\ndie sich auf der Suche nach ihrem Selbst befinden, auf der Suche nach<br \/>\ndem \u201eEckstein\u201c, dem Grundstein oder dem \u201eStein des Weisen\u201c.<\/p>\n","protected":false},"excerpt":{"rendered":"<p>&nbsp; Was sakrale Steine, Felsen und Berge vor uns verbergen Von: Bauer, Wolfgang &#8211; Zerling, Clemens Synergia Verlag, 2012, 288 Seiten, gebunden ISBN: 978-3-939272-52-6 Ein Fels ist zu Stein gewordene Musik. (Pythagoras zugeschrieben) Alle Kulturen auf der Welt verehren besonders markante Steine, Berge und Felsformationen. An Steinen opferten die Menschen, hielten Zwiesprache mit den Ahnen, [&hellip;]<\/p>\n","protected":false},"featured_media":14125,"comment_status":"closed","ping_status":"closed","template":"","meta":[],"product_cat":[154],"product_tag":[],"_links":{"self":[{"href":"http:\/\/andromeda-buecher.de\/buch2\/wp-json\/wp\/v2\/product\/11759"}],"collection":[{"href":"http:\/\/andromeda-buecher.de\/buch2\/wp-json\/wp\/v2\/product"}],"about":[{"href":"http:\/\/andromeda-buecher.de\/buch2\/wp-json\/wp\/v2\/types\/product"}],"replies":[{"embeddable":true,"href":"http:\/\/andromeda-buecher.de\/buch2\/wp-json\/wp\/v2\/comments?post=11759"}],"wp:featuredmedia":[{"embeddable":true,"href":"http:\/\/andromeda-buecher.de\/buch2\/wp-json\/wp\/v2\/media\/14125"}],"wp:attachment":[{"href":"http:\/\/andromeda-buecher.de\/buch2\/wp-json\/wp\/v2\/media?parent=11759"}],"wp:term":[{"taxonomy":"product_cat","embeddable":true,"href":"http:\/\/andromeda-buecher.de\/buch2\/wp-json\/wp\/v2\/product_cat?post=11759"},{"taxonomy":"product_tag","embeddable":true,"href":"http:\/\/andromeda-buecher.de\/buch2\/wp-json\/wp\/v2\/product_tag?post=11759"}],"curies":[{"name":"wp","href":"https:\/\/api.w.org\/{rel}","templated":true}]}}