{"id":11735,"date":"2016-03-19T17:20:14","date_gmt":"2016-03-19T17:20:14","guid":{"rendered":"http:\/\/andromeda-buecher.de\/buch2\/shop\/zum-richard-wagner-jahr-2013-in-den-goettern-malt-sich-der-mensch-der-ring-des-nibelungen-musik-ist-hoehere-offenbarung-als-alle-weisheit-und-philosophie\/"},"modified":"2016-03-21T15:09:25","modified_gmt":"2016-03-21T14:09:25","slug":"zum-richard-wagner-jahr-2013-in-den-goettern-malt-sich-der-mensch-der-ring-des-nibelungen-musik-ist-hoehere-offenbarung-als-alle-weisheit-und-philosophie","status":"publish","type":"product","link":"http:\/\/andromeda-buecher.de\/buch2\/produkt\/zum-richard-wagner-jahr-2013-in-den-goettern-malt-sich-der-mensch-der-ring-des-nibelungen-musik-ist-hoehere-offenbarung-als-alle-weisheit-und-philosophie\/","title":{"rendered":"Zum Richard\u2013Wagner\u2013Jahr 2013:  In den G\u00f6ttern malt sich der Mensch &#8211; Der Ring des Nibelungen &#8211; Musik ist h\u00f6here Offenbarung als alle Weisheit und Philosophie"},"content":{"rendered":"<p><!-- [if !mso]>\n\n\n\n<style>\nv:* {behavior:url(#default#VML);}\no:* {behavior:url(#default#VML);}\nw:* {behavior:url(#default#VML);}\n.shape {behavior:url(#default#VML);}\n<\/style>\n\n<![endif]--><!-- [if !mso]>\n\n\n\n<style>\nv:* {behavior:url(#default#VML);}\no:* {behavior:url(#default#VML);}\nw:* {behavior:url(#default#VML);}\n.shape {behavior:url(#default#VML);}\n<\/style>\n\n<![endif]--><\/p>\n<p class=\"MsoBodyText\" style=\"margin-top: 0cm; text-align: center;\" align=\"center\"><span class=\"FontStyle11\"><span style=\"font-size: 12pt;\">G\u00fcnther<br \/>\nGabke<\/span><\/span><\/p>\n<p class=\"MsoBodyText\" style=\"margin-top: 0cm; text-align: center;\" align=\"center\"><span class=\"FontStyle11\">Zum<br \/>\nRichard\u2013Wagner\u2013Jahr 2013<\/span><\/p>\n<p class=\"MsoBodyText\" style=\"margin-top: 0cm; text-align: center;\" align=\"center\"><span class=\"FontStyle11\"><span style=\"font-size: 14pt;\">In den G\u00f6ttern malt sich der<br \/>\nMensch<\/span><\/span><\/p>\n<p class=\"MsoBodyText\" style=\"margin-top: 0cm; text-align: center;\" align=\"center\"><span class=\"FontStyle11\"><span style=\"font-size: 12pt;\">\u201eDer<br \/>\nRing des Nibelungen\u201c<\/span><\/span><\/p>\n<p class=\"MsoBodyText\" style=\"margin-top: 0cm; text-align: center;\" align=\"center\"><span style=\"font-size: 12pt; letter-spacing: -0.3pt;\">\u201eMusik ist h\u00f6here Offenbarung als<br \/>\nalle Weisheit und Philosophie..<\/span><\/p>\n<p class=\"MsoBodyText\" style=\"margin-top: 0cm; text-align: center;\" align=\"center\"><span class=\"FontStyle11\"><span lang=\"EN-GB\" style=\"font-size: 10pt; letter-spacing: -0.3pt; font-weight: normal;\">\u00a0\u00a0(L.<br \/>\nvan Beethoven)<\/span><\/span><span lang=\"EN-GB\" style=\"font-size: 10pt; letter-spacing: -0.3pt;\">.<\/span><\/p>\n<p class=\"MsoBodyText\" style=\"text-align: justify;\">Die gro\u00dfen<br \/>\nKulturschaffenden unseres Volkes haben das Wirken der heute M\u00e4chtigen im Sinne<br \/>\ndes auf Zerst\u00f6-rung der V\u00f6lker gerichteten Zeitgeistes und die allgemei-nen<br \/>\nZerfalls-erscheinungen bereits vor mehr als hundert Jahren herauf-kommen sehen,<br \/>\n\u2013 auch Richard <span style=\"letter-spacing: -0.1pt;\">Wagner. In der unserem Volke<br \/>\neigenen Wesensart, such<\/span>ten sie alles Geschehen im <span style=\"letter-spacing: -0.1pt;\">wahrhaft G\u00f6ttlichen (nicht in Jahwe) be-gr\u00fcndet,<br \/>\nzu deu<\/span>ten.\u00a0Wu\u00dften die V\u00f6lker<br \/>\nallgemein sich in vorchristlicher Zeit doch eins und v\u00f6llig identisch mit dem<br \/>\nG\u00f6ttlichen in der Tiefe dieser Welt.<\/p>\n<p class=\"MsoBodyText\" style=\"text-align: justify;\">In der Mythe spricht es zu uns<br \/>\nund erz\u00e4hlt, was V\u00f6lker in ihrem tiefsten <span style=\"letter-spacing: -0.2pt;\">Wesen<br \/>\nsind und was ihnen bestimmt ist.<\/span><span style=\"letter-spacing: -0.1pt;\"><br \/>\nDabei nimmt es unsere Kulturschaffenden gleichsam als \u201eWerk-\u00a0zeug\u201c,<\/span> sich selbst hier in der Welt<br \/>\nGestalt zu ver-leihen. Schon Aristoteles schrieb: \u201eDer Mensch ist Sprache<br \/>\nGottes.\u201c<\/p>\n<p class=\"MsoBodyText\" style=\"text-align: justify;\"><span style=\"letter-spacing: -0.2pt;\">Das tiefste Wesen unseres Volkes und unsere Bestimmung hat <\/span>kaum<br \/>\nein anderer lebendiger dargestellt als Richard <span style=\"letter-spacing: -0.1pt;\">Wagner in seinem \u201eRing des Nibelungen\u201c. Er ist in der Bil<\/span><span style=\"letter-spacing: -0.2pt;\">dersprache des Mythos und als ein B\u00fchnenfestspiel<br \/>\nin <\/span>vier Teilen angelegt: Rheingold (Vorabend), Walk\u00fcre (1. Tag),<span style=\"letter-spacing: -0.2pt;\"> Siegfried (2. Tag) und G\u00f6tterd\u00e4mmerung, (3. Tag).<\/span><\/p>\n<p class=\"MsoBodyText\" style=\"margin-top: 3pt; text-align: justify;\">Im <b>Rheingold<\/b><br \/>\nschildert Wagner, <span style=\"letter-spacing: -0.2pt;\">wie das Zeitalter, das <\/span>das<br \/>\nWeltgeschehen der letzten zwei Jahrtausen-de und <span style=\"letter-spacing: -0.2pt;\">unser<\/span> Leben bis zum heutigen Tage bestimmt, heraufkommen konnte<br \/>\nund welche letztlich in-nerseelischen Bedingungen es \u00fcberhaupt erm\u00f6g<span style=\"letter-spacing: -0.2pt;\">licht haben. <\/span><\/p>\n<p class=\"MsoBodyText\" style=\"margin-top: 3pt; text-align: justify;\">In der <b>Walk\u00fcre<\/b><br \/>\nberichtet er von dem Kampf des heraufkommen Zeitgeistes (Alberich) gegen das<br \/>\nwahrhaft G\u00f6ttliche in der Tiefe dieser Welt und vom Widerstreitenden in unserem<br \/>\nInnern, sowie vom\u00a0Walten des wahrhaft<br \/>\nG\u00f6ttlichen, das uns vergessen gemacht wurde.<\/p>\n<p class=\"MsoBodyText\" style=\"margin-top: 3pt; text-align: justify;\">Im <b>Siegfried<\/b><br \/>\nwird uns die Wirkung des Vergessenheitstrankes, das hei\u00dft, des Christentums,<br \/>\nvor Augen gef\u00fchrt, das uns verleitet, das G\u00f6ttliche in unserem Innern zu<br \/>\nverraten, das zum Selbstverrat f\u00fchrt, den wir noch immer an uns begehen, und in<br \/>\ndie Selbstvergessenheit st\u00fcrzt. Derzeit leben wir noch immer in der Zeit, in<br \/>\nSiegfried, der Gott in unserem Innern, durch den Vergessenstrank in<br \/>\nSelbstvergessen-heit gehalten wird. Wir warten darauf, da\u00df er, das G\u00f6ttliche in<br \/>\nden V\u00f6lkern, erwacht und der \u201enackte\u201c \u00dcberlebenswille der V\u00f6lker zur Tat<br \/>\nschreitet.<\/p>\n<p class=\"MsoBodyText\" style=\"margin-top: 3pt; text-align: justify;\">Die <b>G\u00f6tterd\u00e4mmerung<br \/>\n<\/b>schlie\u00dflich berichtet vom Erwachen des G\u00f6ttlichen in unserem Innern. Es<br \/>\ngibt uns die Kraft zur\u00fcck, alles Fremde abzusch\u00fctteln und der Bestimmung zu<br \/>\nfolgen, die in unserem Innern noch immer lebendig ist und in der Mythe zu uns<br \/>\nspricht. <span style=\"letter-spacing: -0.2pt;\">Sie macht uns bewu\u00dft, <\/span>was<br \/>\nwir seit Anbeginn der Zeiten geworden sind und weiterhin werden m\u00fcs<span style=\"letter-spacing: -0.2pt;\">sen, wenn wir denn als Volk \u00fcber<\/span>leben<br \/>\nwollen. Und nichts sonst wird in Verwirkli<span style=\"letter-spacing: -0.2pt;\">chung<br \/>\nund Vervollkommnung so sehr erwar<\/span>tet und ersehnt wie das, was sie<br \/>\nschildert. Es ist, als sehen <span style=\"letter-spacing: -0.2pt;\">die Menschen<br \/>\neinem Werde- und Reife<\/span>pro\u00adze\u00df im Innern <span style=\"letter-spacing: -0.1pt;\">ihrer Seele entgegen: der \u201eneue\u201c, geisterwachte Mensch, in dem das<br \/>\nwahrhaft G\u00f6ttliche sich selber lebt<\/span>.<\/p>\n<p class=\"MsoBodyText\" style=\"margin-top: 3pt; text-align: justify;\"><span class=\"FontStyle11\"><span style=\"font-weight: normal;\">Wie<br \/>\nnur wenigen unserer Gro\u00dfen, war es Richard Wagner gegeben,<\/span><\/span> die<br \/>\ninneren Gesetze des Werdens und des Lebens<span class=\"FontStyle11\"><span style=\"font-weight: normal;\"> sowie <\/span><\/span><span class=\"FontStyle12\"><span style=\"font-size: 10pt;\">das Geschehen im Weltgestalten<br \/>\nklar zu erschauen, und es <\/span><\/span><span class=\"FontStyle11\"><span style=\"letter-spacing: -0.2pt; font-weight: normal;\">in<br \/>\nseinen Dramen so voll-endet <\/span><\/span><span class=\"FontStyle12\"><span style=\"font-size: 10pt;\">auszugestalten<\/span><\/span><span class=\"FontStyle11\"><span style=\"letter-spacing: -0.2pt; font-weight: normal;\">, <\/span><\/span><span class=\"FontStyle12\"><span style=\"font-size: 10pt;\">um es uns in seinem Werk<br \/>\nmitzugeben. <\/span><\/span><span class=\"FontStyle11\"><span style=\"font-weight: normal;\">Da\u00df Richard Wagner es vermochte, was aus der Tiefe<br \/>\ndieser Welt und <span style=\"letter-spacing: -0.4pt;\">unserer Seele<\/span><br \/>\nheraufbricht und in der Mythe seine erste Ausdrucksform<span style=\"letter-spacing: -0.4pt;\"> findet, in Verbindung mit Dichtung und Musik uns nachezubringen, <\/span><span style=\"letter-spacing: -0.2pt;\">ist einmalig in der Musikliteratur <\/span><\/span><\/span><span class=\"FontStyle12\"><span style=\"font-size: 10pt;\">und unerreicht in der<br \/>\nmenschlichen Geistesgeschichte! <\/span><\/span><\/p>\n<p><span class=\"FontStyle12\"><span style=\"font-size: 11pt;\">Der Verfasser erkl\u00e4rt den Bedeutungsinhalt der<br \/>\nBildersprache des Mythos im \u201eRing \u2026.\u201c, der handeln-den Personen und des<br \/>\nGeschehenslaufes, sowie den Bezug zur heutigen Wirklichkeit. Die Schrift hat 80<br \/>\nSeiten, Bilder, die Szenen des im \u201eRing \u2026..\u201c dargestellten Geschehens<br \/>\nanschaulich machen<\/span><\/span><!-- [if gte mso 9]><xml>\n<w:WordDocument>\n<w:View>Normal<\/w:View>\n<w:Zoom>0<\/w:Zoom>\n<w:HyphenationZone>21<\/w:HyphenationZone>\n<w:PunctuationKerning\/>\n<w:ValidateAgainstSchemas\/>\n<w:SaveIfXMLInvalid>false<\/w:SaveIfXMLInvalid>\n<w:IgnoreMixedContent>false<\/w:IgnoreMixedContent>\n<w:AlwaysShowPlaceholderText>false<\/w:AlwaysShowPlaceholderText>\n<w:Compatibility>\n<w:BreakWrappedTables\/>\n<w:SnapToGridInCell\/>\n<w:WrapTextWithPunct\/>\n<w:UseAsianBreakRules\/>\n<w:DontGrowAutofit\/>\n<\/w:Compatibility>\n<w:BrowserLevel>MicrosoftInternetExplorer4<\/w:BrowserLevel>\n<\/w:WordDocument>\n<\/xml><![endif]--><!-- [if gte mso 9]><xml>\n<w:LatentStyles DefLockedState=\"false\" LatentStyleCount=\"156\">\n<\/w:LatentStyles>\n<\/xml><![endif]--><!-- [if gte mso 10]>\n\n\n\n<style>\n \/* Style Definitions *\/\ntable.MsoNormalTable\n{mso-style-name:\"Normale Tabelle\";\nmso-tstyle-rowband-size:0;\nmso-tstyle-colband-size:0;\nmso-style-noshow:yes;\nmso-style-parent:\"\";\nmso-padding-alt:0cm 5.4pt 0cm 5.4pt;\nmso-para-margin:0cm;\nmso-para-margin-bottom:.0001pt;\nmso-pagination:widow-orphan;\nfont-size:10.0pt;\nfont-family:\"Times New Roman\";\nmso-ansi-language:#0400;\nmso-fareast-language:#0400;\nmso-bidi-language:#0400;}\n<\/style>\n\n<![endif]--><!-- [if gte mso 9]><xml>\n<o:shapedefaults v:ext=\"edit\" spidmax=\"1027\"\/>\n<\/xml><![endif]--><!-- [if gte mso 9]><xml>\n<o:shapelayout v:ext=\"edit\">\n<o:idmap v:ext=\"edit\" data=\"1\"\/>\n<\/o:shapelayout><\/xml><![endif]--><span class=\"FontStyle12\"><span style=\"font-size: 11pt;\">\u00a0<\/span><\/span><!-- [if gte mso 9]><xml>\n<w:WordDocument>\n<w:View>Normal<\/w:View>\n<w:Zoom>0<\/w:Zoom>\n<w:HyphenationZone>21<\/w:HyphenationZone>\n<w:PunctuationKerning\/>\n<w:ValidateAgainstSchemas\/>\n<w:SaveIfXMLInvalid>false<\/w:SaveIfXMLInvalid>\n<w:IgnoreMixedContent>false<\/w:IgnoreMixedContent>\n<w:AlwaysShowPlaceholderText>false<\/w:AlwaysShowPlaceholderText>\n<w:Compatibility>\n<w:BreakWrappedTables\/>\n<w:SnapToGridInCell\/>\n<w:WrapTextWithPunct\/>\n<w:UseAsianBreakRules\/>\n<w:DontGrowAutofit\/>\n<\/w:Compatibility>\n<w:BrowserLevel>MicrosoftInternetExplorer4<\/w:BrowserLevel>\n<\/w:WordDocument>\n<\/xml><![endif]--><!-- [if gte mso 9]><xml>\n<w:LatentStyles DefLockedState=\"false\" LatentStyleCount=\"156\">\n<\/w:LatentStyles>\n<\/xml><![endif]--><!-- [if gte mso 10]>\n\n\n\n<style>\n \/* Style Definitions *\/\ntable.MsoNormalTable\n{mso-style-name:\"Normale Tabelle\";\nmso-tstyle-rowband-size:0;\nmso-tstyle-colband-size:0;\nmso-style-noshow:yes;\nmso-style-parent:\"\";\nmso-padding-alt:0cm 5.4pt 0cm 5.4pt;\nmso-para-margin:0cm;\nmso-para-margin-bottom:.0001pt;\nmso-pagination:widow-orphan;\nfont-size:10.0pt;\nfont-family:\"Times New Roman\";\nmso-ansi-language:#0400;\nmso-fareast-language:#0400;\nmso-bidi-language:#0400;}\n<\/style>\n\n<![endif]--><!-- [if gte mso 9]><xml>\n<o:shapedefaults v:ext=\"edit\" spidmax=\"1027\"\/>\n<\/xml><![endif]--><!-- [if gte mso 9]><xml>\n<o:shapelayout v:ext=\"edit\">\n<o:idmap v:ext=\"edit\" data=\"1\"\/>\n<\/o:shapelayout><\/xml><![endif]--><\/p>\n","protected":false},"excerpt":{"rendered":"<p>G\u00fcnther Gabke Zum Richard\u2013Wagner\u2013Jahr 2013 In den G\u00f6ttern malt sich der Mensch \u201eDer Ring des Nibelungen\u201c \u201eMusik ist h\u00f6here Offenbarung als alle Weisheit und Philosophie.. \u00a0\u00a0(L. van Beethoven). Die gro\u00dfen Kulturschaffenden unseres Volkes haben das Wirken der heute M\u00e4chtigen im Sinne des auf Zerst\u00f6-rung der V\u00f6lker gerichteten Zeitgeistes und die allgemei-nen Zerfalls-erscheinungen bereits vor mehr [&hellip;]<\/p>\n","protected":false},"featured_media":12253,"comment_status":"closed","ping_status":"closed","template":"","meta":[],"product_cat":[84],"product_tag":[],"_links":{"self":[{"href":"http:\/\/andromeda-buecher.de\/buch2\/wp-json\/wp\/v2\/product\/11735"}],"collection":[{"href":"http:\/\/andromeda-buecher.de\/buch2\/wp-json\/wp\/v2\/product"}],"about":[{"href":"http:\/\/andromeda-buecher.de\/buch2\/wp-json\/wp\/v2\/types\/product"}],"replies":[{"embeddable":true,"href":"http:\/\/andromeda-buecher.de\/buch2\/wp-json\/wp\/v2\/comments?post=11735"}],"wp:featuredmedia":[{"embeddable":true,"href":"http:\/\/andromeda-buecher.de\/buch2\/wp-json\/wp\/v2\/media\/12253"}],"wp:attachment":[{"href":"http:\/\/andromeda-buecher.de\/buch2\/wp-json\/wp\/v2\/media?parent=11735"}],"wp:term":[{"taxonomy":"product_cat","embeddable":true,"href":"http:\/\/andromeda-buecher.de\/buch2\/wp-json\/wp\/v2\/product_cat?post=11735"},{"taxonomy":"product_tag","embeddable":true,"href":"http:\/\/andromeda-buecher.de\/buch2\/wp-json\/wp\/v2\/product_tag?post=11735"}],"curies":[{"name":"wp","href":"https:\/\/api.w.org\/{rel}","templated":true}]}}