{"id":11576,"date":"2016-03-19T17:19:40","date_gmt":"2016-03-19T17:19:40","guid":{"rendered":"http:\/\/andromeda-buecher.de\/buch2\/shop\/die-voelkerschlacht-von-leipzig\/"},"modified":"2016-03-21T16:47:44","modified_gmt":"2016-03-21T15:47:44","slug":"die-voelkerschlacht-von-leipzig","status":"publish","type":"product","link":"http:\/\/andromeda-buecher.de\/buch2\/produkt\/die-voelkerschlacht-von-leipzig\/","title":{"rendered":"Die V\u00f6lkerschlacht von Leipzig"},"content":{"rendered":"<p>Mit der Frage des Gedenkens an die V\u00f6lkerschlacht bei Leipzig (1813)<br \/>\nbefa\u00dft sich diese Original-Schrift von Ernst Moritz Arndt. Sie finden in<br \/>\ndiesem Arndt-Text sch\u00f6ne Passagen wirklich urspr\u00fcnglichen deutschen<br \/>\nDenkens, wie wir es heute oft vermissen. Faksimile-Nachdruck (mit<br \/>\nText-Transkription) der unbeschaffbar\u00e9n Quellenschrift. Hanse<br \/>\nBuchwerkstatt, Bremen 2013, brosch\u00fcrt, Format:8\u00b0. 45 Seiten, ungelesen,<br \/>\nverlagsfrisch.<\/p>\n<p>Autor: Arndt, Ernst Moritz<\/p>\n","protected":false},"excerpt":{"rendered":"<p>Mit der Frage des Gedenkens an die V\u00f6lkerschlacht bei Leipzig (1813) befa\u00dft sich diese Original-Schrift von Ernst Moritz Arndt. Sie finden in diesem Arndt-Text sch\u00f6ne Passagen wirklich urspr\u00fcnglichen deutschen Denkens, wie wir es heute oft vermissen. Faksimile-Nachdruck (mit Text-Transkription) der unbeschaffbar\u00e9n Quellenschrift. Hanse Buchwerkstatt, Bremen 2013, brosch\u00fcrt, Format:8\u00b0. 45 Seiten, ungelesen, verlagsfrisch. Autor: Arndt, Ernst [&hellip;]<\/p>\n","protected":false},"featured_media":12267,"comment_status":"closed","ping_status":"closed","template":"","meta":[],"product_cat":[233],"product_tag":[],"_links":{"self":[{"href":"http:\/\/andromeda-buecher.de\/buch2\/wp-json\/wp\/v2\/product\/11576"}],"collection":[{"href":"http:\/\/andromeda-buecher.de\/buch2\/wp-json\/wp\/v2\/product"}],"about":[{"href":"http:\/\/andromeda-buecher.de\/buch2\/wp-json\/wp\/v2\/types\/product"}],"replies":[{"embeddable":true,"href":"http:\/\/andromeda-buecher.de\/buch2\/wp-json\/wp\/v2\/comments?post=11576"}],"wp:featuredmedia":[{"embeddable":true,"href":"http:\/\/andromeda-buecher.de\/buch2\/wp-json\/wp\/v2\/media\/12267"}],"wp:attachment":[{"href":"http:\/\/andromeda-buecher.de\/buch2\/wp-json\/wp\/v2\/media?parent=11576"}],"wp:term":[{"taxonomy":"product_cat","embeddable":true,"href":"http:\/\/andromeda-buecher.de\/buch2\/wp-json\/wp\/v2\/product_cat?post=11576"},{"taxonomy":"product_tag","embeddable":true,"href":"http:\/\/andromeda-buecher.de\/buch2\/wp-json\/wp\/v2\/product_tag?post=11576"}],"curies":[{"name":"wp","href":"https:\/\/api.w.org\/{rel}","templated":true}]}}