{"id":11240,"date":"2016-03-19T17:11:48","date_gmt":"2016-03-19T17:11:48","guid":{"rendered":"http:\/\/andromeda-buecher.de\/buch2\/shop\/ynesis-magazin-nr-108-62011-thema-fruehgeschichte-sueddeutsche-megalithbauten-an-berghaengen-jochen-herzog-abraumhalden-oder-stufenpyramiden-beweis-gefunden-waldemar-zimmermann-geobeton\/"},"modified":"2016-04-13T19:58:39","modified_gmt":"2016-04-13T17:58:39","slug":"ynesis-magazin-nr-108-62011-thema-fruehgeschichte-sueddeutsche-megalithbauten-an-berghaengen-jochen-herzog-abraumhalden-oder-stufenpyramiden-beweis-gefunden-waldemar-zimmermann-geobeton","status":"publish","type":"product","link":"http:\/\/andromeda-buecher.de\/buch2\/produkt\/ynesis-magazin-nr-108-62011-thema-fruehgeschichte-sueddeutsche-megalithbauten-an-berghaengen-jochen-herzog-abraumhalden-oder-stufenpyramiden-beweis-gefunden-waldemar-zimmermann-geobeton\/","title":{"rendered":"SYNESIS-Magazin Nr. 108 (6\/2011)  Thema Fr\u00fchgeschichte: S\u00fcddeutsche Megalithbauten an Bergh\u00e4ngen (Jochen Herzog) Abraumhalden oder Stufenpyramiden? Beweis gefunden? (Waldemar Zimmermann) Geobeton &#8211; Haben die fr\u00fchgeschichtlichen Baumeister Steine gegossen?"},"content":{"rendered":"<p><span style=\"font-family: Arial; font-size: medium;\"><a href=\"http:\/\/www.efodon.de\/grafik\/sy108.jpg\">SYNESIS-Magazin Nr. 108 (6\/2011)<\/a><\/span><\/p>\n<p><span style=\"font-family: Arial; font-size: small;\"><em>Thema Fr\u00fchgeschichte: <\/em>S\u00fcddeutsche Megalithbauten an Bergh\u00e4ngen (Jochen Herzog)<br \/>\nAbraumhalden oder Stufenpyramiden? Beweis gefunden? (Waldemar Zimmermann)<br \/>\nGeobeton &#8211; Haben die fr\u00fchgeschichtlichen Baumeister Steine gegossen? (Wilfried Augustin)<br \/>\nDie Geheimnisse um das Kloster Sankt Trudpert &#8211; Symbole und Hinterlassenschaften der Templer und Illuminaten (2) (Marie Luise J\u00e4gers &amp; Peter Wolf)<br \/>\nTrepanationen in aller Welt (Ferdinand W. O. Koch)<br \/>\n<em>Thema \u00c4gypten:<\/em> Fragen und Widerspr\u00fcche: Steintransport und Bau der Pyramiden (Gernot L. Geise)<br \/>\nInterview mit Erich von D\u00e4niken &#8211; Der Bestsellerautor \u00fcber sein neues Buch, Tomy, Zeitreisen, Massenmedien und Walter Ernsting (Dan Davis)<br \/>\n<em>Thema Raumfahrt:<\/em> Die NASA\u00a0kann es nicht lassen: Neue Fotos der angeblichen Apollo-Landepl\u00e4tze ver\u00f6ffentlicht (Gernot L. Geise)<br \/>\n<em>Lokaltermin:<\/em> Fr\u00e4nkische Nekropolen &#8211; Megalithkomplexe bei Randersacker (Stephan Baum)<br \/>\nDer Kongress f\u00fcr Grenzwissen 2011 in Regen &#8211; Eine Nachlese von Gernot L. Geise<\/span><\/p>\n","protected":false},"excerpt":{"rendered":"<p>SYNESIS-Magazin Nr. 108 (6\/2011) Thema Fr\u00fchgeschichte: S\u00fcddeutsche Megalithbauten an Bergh\u00e4ngen (Jochen Herzog) Abraumhalden oder Stufenpyramiden? Beweis gefunden? (Waldemar Zimmermann) Geobeton &#8211; Haben die fr\u00fchgeschichtlichen Baumeister Steine gegossen? (Wilfried Augustin) Die Geheimnisse um das Kloster Sankt Trudpert &#8211; Symbole und Hinterlassenschaften der Templer und Illuminaten (2) (Marie Luise J\u00e4gers &amp; Peter Wolf) Trepanationen in aller Welt [&hellip;]<\/p>\n","protected":false},"featured_media":0,"comment_status":"closed","ping_status":"closed","template":"","meta":[],"product_cat":[109],"product_tag":[],"_links":{"self":[{"href":"http:\/\/andromeda-buecher.de\/buch2\/wp-json\/wp\/v2\/product\/11240"}],"collection":[{"href":"http:\/\/andromeda-buecher.de\/buch2\/wp-json\/wp\/v2\/product"}],"about":[{"href":"http:\/\/andromeda-buecher.de\/buch2\/wp-json\/wp\/v2\/types\/product"}],"replies":[{"embeddable":true,"href":"http:\/\/andromeda-buecher.de\/buch2\/wp-json\/wp\/v2\/comments?post=11240"}],"wp:attachment":[{"href":"http:\/\/andromeda-buecher.de\/buch2\/wp-json\/wp\/v2\/media?parent=11240"}],"wp:term":[{"taxonomy":"product_cat","embeddable":true,"href":"http:\/\/andromeda-buecher.de\/buch2\/wp-json\/wp\/v2\/product_cat?post=11240"},{"taxonomy":"product_tag","embeddable":true,"href":"http:\/\/andromeda-buecher.de\/buch2\/wp-json\/wp\/v2\/product_tag?post=11240"}],"curies":[{"name":"wp","href":"https:\/\/api.w.org\/{rel}","templated":true}]}}