{"id":11155,"date":"2016-03-19T17:11:32","date_gmt":"2016-03-19T17:11:32","guid":{"rendered":"http:\/\/andromeda-buecher.de\/buch2\/shop\/heimatklaenge-aus-ostpreussen\/"},"modified":"2016-03-19T17:11:32","modified_gmt":"2016-03-19T17:11:32","slug":"heimatklaenge-aus-ostpreussen","status":"publish","type":"product","link":"http:\/\/andromeda-buecher.de\/buch2\/produkt\/heimatklaenge-aus-ostpreussen\/","title":{"rendered":"Heimatkl\u00e4nge aus Ostpreu\u00dfen"},"content":{"rendered":"<div id=\"ProductIntroduction-P542\" class=\"GC11 ProductIntroduction\" style=\"color: rgb(0, 0, 0);\">Lieder, Gedichte und Schmunzelgeschichten mit Agnes Miegel, Marion Lindt, Ruth Geede und Dr. Alfred Lau<\/div>\n<div id=\"ProductDescription-P542\" class=\"GC12 ProductDescription\" style=\"color: rgb(0, 0, 0);\"><font color=\"#000080\">Die<br \/>\n sch\u00f6nsten Lieder und T\u00e4nze aus der alten deutschen Provinz Ostpreu\u00dfen<br \/>\nverbinden sich auf diesem Tontr\u00e4ger mit wunderbaren Schmunzelgeschichten<br \/>\n in ostpreu\u00dfischem Dialekt, mit humorvollen Vertellkes und<br \/>\nnostalgisch-wehm\u00fctigen Gedichten zu einem unverge\u00dflichen Reigen aus<br \/>\nostpreu\u00dfischen Heimatkl\u00e4ngen. <\/font><\/p>\n<p style=\"margin-bottom: 0cm;\"><font color=\"#000080\">F\u00fcr<br \/>\n viele Ostpreu\u00dfen ist dieses H\u00f6rerlebnis eine akustische Wiederbegegnung<br \/>\n mit unvergessenen Interpreten wie Marion Lindt, die im Reichssender<br \/>\nK\u00f6nigsberg in zahlreichen Unterhaltungssendungen plachanderte, Ruth<br \/>\nGeede, die bereits unmittelbar nach ihrer Schulausbildung<br \/>\nMundartradiosendungen gestaltete, viele ostpreu\u00dfisch-plattdeutsche<br \/>\nErz\u00e4hlungen und Gedichte schrieb und noch heute f\u00fcr die Preu\u00dfische<br \/>\nAllgemeine Zeitung (fr\u00fcher: Ostpreu\u00dfenblatt) t\u00e4tig ist, und dem\u00a0in<br \/>\nFriedrichshof im Kreis Ortelsburg geborenen und im Kreis\u00a0Insterburg<br \/>\naufgewachsenen\u00a0Dr. Alfred Lau \u2013 Indentant des Reichssenders K\u00f6nigsberg<br \/>\nvom 1. Juli 1935\u00a0bis zum Kriegsende\u00a01945 \u2013, dessen derb-frivole<br \/>\nDialektpoeme weit \u00fcber die Grenzen Ostpreu\u00dfens hinaus bekannt waren. Und<br \/>\n auch die Stimme Agnes Miegels, der K\u00f6nigsberger Dichterin, die von<br \/>\nihren Landsleuten den Ehrentitel \u201eMutter Ostpreu\u00dfen\u201c erhielt, ist zu<br \/>\nh\u00f6ren. Mit ihrem Gedicht \u201eEs war ein Land\u201c gab sie dem Zauber der<br \/>\nErinnerung an das \u201eLand der dunklen W\u00e4lder und kristallnen Seen\u201c den<br \/>\nwohl sch\u00f6nsten lyrischen Ton. <\/font><\/p>\n<p style=\"margin-bottom: 0cm;\"><font color=\"#000080\">So<br \/>\n finden auf dieser CD Musik und Wort zu einer klanglichen Einheit, die<br \/>\nheimatliches Erinnern und Bewahren verbinden und auch den Nachgeborenen<br \/>\nFreude am Neuentdecken der ostpreu\u00dfischen Kultur geben m\u00f6chte. <\/font><\/p>\n<p style=\"margin-bottom: 0cm;\"><\/p>\n<p style=\"line-height: 0.49cm; margin-bottom: 0cm;\"><font size=\"3\" color=\"#ff0000\"><b>Inhaltsverzeichnis der CD \u201eHeimatkl\u00e4nge aus Ostpreu\u00dfen\u201c<\/b><\/font><\/p>\n<p style=\"line-height: 0.49cm; margin-bottom: 0cm;\"><\/p>\n<p style=\"line-height: 0.49cm; margin-bottom: 0cm;\">1. Land der dunklen W\u00e4lder \u2013 Ostpreu\u00dfenlied (Brust\/Hannighofer), Bergedorfer Kammerchor,1:50<\/p>\n<p style=\"line-height: 0.49cm; margin-bottom: 0cm;\">2. Brief der Jette Plischkumkat \/ Sprecherin: Marion Lindt, 2:32<\/p>\n<p style=\"line-height: 0.49cm; margin-bottom: 0cm;\">3. Es dunkelt schon in der Heide (Volksweise), Rudolf Aue, Bariton, 1:26<\/p>\n<p style=\"line-height: 0.49cm; margin-bottom: 0cm;\">4. Anne Fischbrick \/ Sprecher: Dr. Alfred Lau, 2:30<\/p>\n<p style=\"line-height: 0.49cm; margin-bottom: 0cm;\">5. Stampfpolka aus Masuren (Volksweise), 0:57<\/p>\n<p style=\"line-height: 0.49cm; margin-bottom: 0cm;\">6. Bei Lehmanns klingelt das Telefon \/ Sprecherin: Marion Lindt, 3:50<\/p>\n<p style=\"line-height: 0.49cm; margin-bottom: 0cm;\">7. Zogen einst f\u00fcnf wilde Schw\u00e4ne (Volksweise), Wormsb\u00e4cher-Chor, 2:03<\/p>\n<p style=\"line-height: 0.49cm; margin-bottom: 0cm;\">8. Der Liebestrank \/ Sprecher: Dr. Alfred Lau, 2:08<\/p>\n<p style=\"line-height: 0.49cm; margin-bottom: 0cm;\">9. De Oadeboar (Volksweise), Interpreten: Die Elbinger Spatzen<\/p>\n<p style=\"line-height: 0.49cm; margin-bottom: 0cm;\">10. Brief an den treulosen Heinrich \/ Sprecherin. Marion Lindt, 2:45<\/p>\n<p style=\"line-height: 0.49cm; margin-bottom: 0cm;\">11. An der Weichsel gegen Osten (Volksweise), Titze \/ Guilleaume, 1:04<\/p>\n<p style=\"line-height: 0.49cm; margin-bottom: 0cm;\">12. De beste Millezien \/ Sprecher: Dr. Alfred Lau, 2:58<\/p>\n<p style=\"line-height: 0.49cm; margin-bottom: 0cm;\">13. Goldaper Kirmestanz (Volksweise), 0:48<\/p>\n<p style=\"line-height: 0.49cm; margin-bottom: 0cm;\">14. De good Utred \/ Sprecherin: Marion Lindt, 2:07<\/p>\n<p style=\"line-height: 0.49cm; margin-bottom: 0cm;\">15. Ging ein Weiblein N\u00fcsse sch\u00fctteln (Volkslied aus Masuren), Wormsb\u00e4cher-Chor, 1:00<\/p>\n<p style=\"line-height: 0.49cm; margin-bottom: 0cm;\">16. Nu aber Schlu\u00df \/ Sprecher: Dr. Alfred Lau, 1:30<\/p>\n<p style=\"line-height: 0.49cm; margin-bottom: 0cm;\">17. Ostpreu\u00dfischer Harmonika-Raschwalzer, 0:34<\/p>\n<p style=\"line-height: 0.49cm; margin-bottom: 0cm;\">18. Omas Schaff \/ Sprecherin: Marion Lindt, 2:31<\/p>\n<p style=\"line-height: 0.49cm; margin-bottom: 0cm;\">19. So seht mal an mein rosa Kleid, Wormsb\u00e4cher-Chor, 1:58<\/p>\n<p style=\"line-height: 0.49cm; margin-bottom: 0cm;\">20. De Brautschau \/ Sprecher: Dr. Alfred Lau, 3:07<\/p>\n<p style=\"line-height: 0.49cm; margin-bottom: 0cm;\">21. Reiter schmuck und fein, Wormsb\u00e4cher-Chor, 1:48<\/p>\n<p style=\"line-height: 0.49cm; margin-bottom: 0cm;\">22. Zwei Dorfgespr\u00e4che \/ Sprecherin: Marion Lindt, 2:09<\/p>\n<p style=\"line-height: 0.49cm; margin-bottom: 0cm;\">23. Anke von Tharaw (Silcher \/ Dach), Karl-Horst Schr\u00f6der, Bariton, 2:11<\/p>\n<p style=\"line-height: 0.49cm; margin-bottom: 0cm;\">24. Unsere Kinderchens \/ Sprecherin: Marion Lindt, 4:33<\/p>\n<p style=\"line-height: 0.49cm; margin-bottom: 0cm;\">25. K\u00f6nigsberger Marzipan (Tanz \/ Volksweise), 0:45<\/p>\n<p style=\"line-height: 0.49cm; margin-bottom: 0cm;\">26. De Babies \/ Sprecherin: Marion Lindt, 1:57<\/p>\n<p style=\"line-height: 0.49cm; margin-bottom: 0cm;\">27. Lob der Heimat \/ Sprecher Dr. Alfred Lau, 1:32<\/p>\n<p style=\"line-height: 0.49cm; margin-bottom: 0cm;\">28. Wild wogt die See (Masurenlied \/ Volksweise), Willy Rosenau, 2:29<\/p>\n<p style=\"line-height: 0.49cm; margin-bottom: 0cm;\">29. Ostpreu\u00dfisches Erntewiegenlied, Sprecherin: Ruth Geede, 0:51<\/p>\n<p style=\"line-height: 0.49cm; margin-bottom: 0cm;\">30. Fuhr aus K\u00f6nigsberg heimw\u00e4rts (Volksweise), Interpreten: Titze \/ Guilleaume, 0:50<\/p>\n<p style=\"line-height: 0.49cm; margin-bottom: 0cm;\">31. Die Hundertj\u00e4hrige \/ Sprecherin: Marion Lindt, 2:14<\/p>\n<p style=\"line-height: 0.49cm; margin-bottom: 0cm;\">32. Westpreu\u00dfen, mein lieb\u2019 Heimatland, (Paul Felske\/Hugo Hartman) Interpret: Rainer Klohs, 1:44<\/p>\n<p style=\"line-height: 0.49cm; margin-bottom: 0cm;\">33. Die Ofenbank \/ Sprecherin: Ruth Geede, 1:14<\/p>\n<p style=\"line-height: 0.49cm; margin-bottom: 0cm;\">34. Heimat, deine Sterne (Bochmann\/Knauf\/Loges) \/ Interpret: Wilhelm Strienz, 3:09<\/p>\n<p style=\"line-height: 0.49cm; margin-bottom: 0cm;\">35. Am D\u00fcnenhang, Sprecherin: Ruth Geede, 0:47<\/p>\n<p style=\"line-height: 0.49cm; margin-bottom: 0cm;\">36. Wenn in stiller Stunde (K. Groos, 1818 \/ A. Pompe, 1852), Interpret: Hermann Prey, 2:42<\/p>\n<p style=\"line-height: 0.49cm; margin-bottom: 0cm;\">37. Es war ein Land \/ Sprecherin: Agnes Miegel, 4:31<\/p>\n<p style=\"line-height: 0.49cm; margin-bottom: 0cm;\">38. Land der dunklen W\u00e4lder \u2013 Ostpreu\u00dfenlied (Brust \/ Hannighofer) \/ Interpret: Ren\u00e9 Kollo, 1:56<\/p>\n<p style=\"line-height: 0.49cm; margin-bottom: 0cm;\">Gesamtlaufzeit: 1:17:25<\/p>\n<ul>\n<li><b>Audio CD:<\/b> 1 Seiten<\/li>\n<li><b>Verlag:<\/b> Lindenbaum; Auflage: 1 (19. Mai 2009)<\/li>\n<li><b>Sprache:<\/b> Deutsch<\/li>\n<li><b>ISBN-10:<\/b> 3938176091<\/li>\n<li><b>ISBN-13:<\/b> 978-3938176092<\/li>\n<\/ul>\n<\/div>\n","protected":false},"excerpt":{"rendered":"<p>Lieder, Gedichte und Schmunzelgeschichten mit Agnes Miegel, Marion Lindt, Ruth Geede und Dr. Alfred Lau Die sch\u00f6nsten Lieder und T\u00e4nze aus der alten deutschen Provinz Ostpreu\u00dfen verbinden sich auf diesem Tontr\u00e4ger mit wunderbaren Schmunzelgeschichten in ostpreu\u00dfischem Dialekt, mit humorvollen Vertellkes und nostalgisch-wehm\u00fctigen Gedichten zu einem unverge\u00dflichen Reigen aus ostpreu\u00dfischen Heimatkl\u00e4ngen. F\u00fcr viele Ostpreu\u00dfen ist dieses [&hellip;]<\/p>\n","protected":false},"featured_media":0,"comment_status":"closed","ping_status":"closed","template":"","meta":[],"product_cat":[34],"product_tag":[],"_links":{"self":[{"href":"http:\/\/andromeda-buecher.de\/buch2\/wp-json\/wp\/v2\/product\/11155"}],"collection":[{"href":"http:\/\/andromeda-buecher.de\/buch2\/wp-json\/wp\/v2\/product"}],"about":[{"href":"http:\/\/andromeda-buecher.de\/buch2\/wp-json\/wp\/v2\/types\/product"}],"replies":[{"embeddable":true,"href":"http:\/\/andromeda-buecher.de\/buch2\/wp-json\/wp\/v2\/comments?post=11155"}],"wp:attachment":[{"href":"http:\/\/andromeda-buecher.de\/buch2\/wp-json\/wp\/v2\/media?parent=11155"}],"wp:term":[{"taxonomy":"product_cat","embeddable":true,"href":"http:\/\/andromeda-buecher.de\/buch2\/wp-json\/wp\/v2\/product_cat?post=11155"},{"taxonomy":"product_tag","embeddable":true,"href":"http:\/\/andromeda-buecher.de\/buch2\/wp-json\/wp\/v2\/product_tag?post=11155"}],"curies":[{"name":"wp","href":"https:\/\/api.w.org\/{rel}","templated":true}]}}