{"id":10643,"date":"2016-03-19T17:09:56","date_gmt":"2016-03-19T17:09:56","guid":{"rendered":"http:\/\/andromeda-buecher.de\/buch2\/shop\/echnaton-amun-und-aton-eine-neue-hypothese-ueber-die-religionspolitik-echnatons-2\/"},"modified":"2016-03-26T16:22:48","modified_gmt":"2016-03-26T15:22:48","slug":"echnaton-amun-und-aton-eine-neue-hypothese-ueber-die-religionspolitik-echnatons-2","status":"publish","type":"product","link":"http:\/\/andromeda-buecher.de\/buch2\/produkt\/echnaton-amun-und-aton-eine-neue-hypothese-ueber-die-religionspolitik-echnatons-2\/","title":{"rendered":"Echnaton, Amun und Aton: Eine neue Hypothese \u00fcber die Religionspolitik Echnatons"},"content":{"rendered":"<p><b><span style=\"color: #000000; font-family: Times New Roman,Times,Times NewRoman; font-size: medium;\">Otto Ernst<img decoding=\"async\" loading=\"lazy\" id=\"Bild1\" src=\"http:\/\/efodon.de\/grafik\/do36.jpg\" alt=\"\" width=\"200\" height=\"282\" align=\"RIGHT\" border=\"0\" hspace=\"5\" vspace=\"5\" \/><br \/>\n<\/span><i><span style=\"color: #ff0000; font-family: Times New Roman,Times,Times NewRoman; font-size: x-large;\">Echnaton, Amun und Aton<br \/>\n<\/span><span style=\"color: #0000ff; font-family: Times New Roman,Times,Times NewRoman; font-size: medium;\">Eine neue Hypothese \u00fcber die Religionspolitik Echnatons<br \/>\n<\/span><\/i><\/b><span style=\"font-family: Arial; font-size: small;\"><b><i><span style=\"color: #0000ff;\"><br \/>\n<\/span><\/i><\/b>Von allen Pharaonen \u00c4gyptens gibt sicher Echnaton die<br \/>\nmeisten R\u00e4tsel auf. In dieser Ausarbeitung wird ein v\u00f6llig neuer Grund<br \/>\nf\u00fcr die Religionspolitik Echnatons postuliert, der bisher noch nicht<br \/>\ndiskutiert wurde: die Orakelspr\u00fcche der G\u00f6tter bzw. ihrer Priester.<\/span><\/p>\n<p><i>Themenbereich: Vor- und Fr\u00fchgeschichte<br \/>\n24 Seiten A4 mit 8 Abb.<br \/>\nEFODON-Best.-Nr. DO-36<\/i><\/p>\n","protected":false},"excerpt":{"rendered":"<p>Otto Ernst Echnaton, Amun und Aton Eine neue Hypothese \u00fcber die Religionspolitik Echnatons Von allen Pharaonen \u00c4gyptens gibt sicher Echnaton die meisten R\u00e4tsel auf. In dieser Ausarbeitung wird ein v\u00f6llig neuer Grund f\u00fcr die Religionspolitik Echnatons postuliert, der bisher noch nicht diskutiert wurde: die Orakelspr\u00fcche der G\u00f6tter bzw. ihrer Priester. Themenbereich: Vor- und Fr\u00fchgeschichte 24 [&hellip;]<\/p>\n","protected":false},"featured_media":13874,"comment_status":"closed","ping_status":"closed","template":"","meta":[],"product_cat":[157],"product_tag":[],"_links":{"self":[{"href":"http:\/\/andromeda-buecher.de\/buch2\/wp-json\/wp\/v2\/product\/10643"}],"collection":[{"href":"http:\/\/andromeda-buecher.de\/buch2\/wp-json\/wp\/v2\/product"}],"about":[{"href":"http:\/\/andromeda-buecher.de\/buch2\/wp-json\/wp\/v2\/types\/product"}],"replies":[{"embeddable":true,"href":"http:\/\/andromeda-buecher.de\/buch2\/wp-json\/wp\/v2\/comments?post=10643"}],"wp:featuredmedia":[{"embeddable":true,"href":"http:\/\/andromeda-buecher.de\/buch2\/wp-json\/wp\/v2\/media\/13874"}],"wp:attachment":[{"href":"http:\/\/andromeda-buecher.de\/buch2\/wp-json\/wp\/v2\/media?parent=10643"}],"wp:term":[{"taxonomy":"product_cat","embeddable":true,"href":"http:\/\/andromeda-buecher.de\/buch2\/wp-json\/wp\/v2\/product_cat?post=10643"},{"taxonomy":"product_tag","embeddable":true,"href":"http:\/\/andromeda-buecher.de\/buch2\/wp-json\/wp\/v2\/product_tag?post=10643"}],"curies":[{"name":"wp","href":"https:\/\/api.w.org\/{rel}","templated":true}]}}