{"id":10589,"date":"2016-03-19T17:09:47","date_gmt":"2016-03-19T17:09:47","guid":{"rendered":"http:\/\/andromeda-buecher.de\/buch2\/shop\/mit-dem-mond-zur-weltherrschaft-geheime-missionen-im-all\/"},"modified":"2016-03-19T17:09:47","modified_gmt":"2016-03-19T17:09:47","slug":"mit-dem-mond-zur-weltherrschaft-geheime-missionen-im-all","status":"publish","type":"product","link":"http:\/\/andromeda-buecher.de\/buch2\/produkt\/mit-dem-mond-zur-weltherrschaft-geheime-missionen-im-all\/","title":{"rendered":"Mit dem Mond zur Weltherrschaft: Geheime Missionen im All"},"content":{"rendered":"<p><h1 class=\"parseasinTitle\">\n        <span id=\"btAsinTitle\">Mit dem Mond zur Weltherrschaft: Geheime Missionen im All <span style=\"text-transform: capitalize; font-size: 16px;\">[Gebundene Ausgabe]<\/span><\/span><br \/>\n  <\/h1>\n<p><span class=\"contributorNameTrigger\">G. F. L. Stanglmeier<a href=\"http:\/\/www.amazon.de\/Mit-dem-Mond-zur-Weltherrschaft\/dp\/3938516755\/ref=sr_1_1?ie=UTF8&#038;qid=1322925198&#038;sr=8-1#\"><span style=\"margin-left: 5px;\" class=\"contributorChevron\"><span class=\"swSprite s_chevron\"><\/span><\/span><\/a><\/span><\/p>\n<p>  <input type=\"hidden\" value=\"B00459M3KW\" id=\"contributorASINB00459M3KW3938516755\" \/><\/p>\n<div style=\"display: none; padding: 0pt; margin: 0pt;\" class=\"buying\" id=\"contributorContainerB00459M3KW3938516755\">\n<div style=\"float: left; margin-right: 10px;\" id=\"contributorImageContainerB00459M3KW3938516755\">&nbsp;<\/div>\n<div style=\"float: left;\">\n<div><b class=\"h3color\">G. F. L. Stanglmeier<\/b><br \/>\n\t  <span class=\"byLinePipe\">(Autor)<\/span>\n\t<\/div>\n<div><b class=\"h3color\">\u203a<\/b> <a href=\"http:\/\/www.amazon.de\/G.-F.-L.-Stanglmeier\/e\/B00459M3KW\/ref=ntt_athr_dp_pel_pop_1\">Entdecken Sie G. F. L. Stanglmeier bei Amazon <\/a><\/div>\n<div style=\"margin: 1px 0pt 0pt 1em;\"><span>Finden Sie alle B\u00fccher, Informationen zum Autor<br \/> und mehr.<\/span><\/div>\n<div style=\"margin: 10px 0pt 0pt;\" class=\"tiny\"> <a href=\"http:\/\/www.amazon.de\/s\/ref=ntt_athr_dp_sr_pop_1?_encoding=UTF8&#038;search-alias=books-de&#038;field-author=G.%20F.%20L.%20Stanglmeier\">Suchergebnisse<\/a> f\u00fcr diesen Autor  <\/div>\n<div style=\"margin: 2px 0pt 0pt;\" class=\"tiny\">Sind Sie ein Autor?<br \/>\n        <a href=\"http:\/\/authorcentral.amazon.de\/ref=ntt_atc_dp_pel_1\">Erfahren Sie mehr \u00fcber Author Central<\/a>\n        <\/div>\n<\/p><\/div>\n<\/p><\/div>\n<p> <span class=\"byLinePipe\">(Autor)<\/span>, <\/p>\n<p><span class=\"contributorNameTrigger\">Andr\u00e9 Liebe<a href=\"http:\/\/www.amazon.de\/Mit-dem-Mond-zur-Weltherrschaft\/dp\/3938516755\/ref=sr_1_1?ie=UTF8&#038;qid=1322925198&#038;sr=8-1#\"><span style=\"margin-left: 5px;\" class=\"contributorChevron\"><span class=\"swSprite s_chevron\"><\/span><\/span><\/a><\/span><\/p>\n<p>  <input type=\"hidden\" value=\"B00459FP7A\" id=\"contributorASINB00459FP7A3938516755\" \/><\/p>\n<div style=\"display: none; padding: 0pt; margin: 0pt;\" class=\"buying\" id=\"contributorContainerB00459FP7A3938516755\">\n<div style=\"float: left; margin-right: 10px;\" id=\"contributorImageContainerB00459FP7A3938516755\">&nbsp;<\/div>\n<div style=\"float: left;\">\n<div><b class=\"h3color\">Andr\u00e9 Liebe<\/b><br \/>\n\t  <span class=\"byLinePipe\">(Autor)<\/span>\n\t<\/div>\n<div><b class=\"h3color\">\u203a<\/b> <a href=\"http:\/\/www.amazon.de\/Andr%C3%A9-Liebe\/e\/B00459FP7A\/ref=ntt_athr_dp_pel_pop_2\">Entdecken Sie Andr\u00e9 Liebe bei Amazon <\/a><\/div>\n<div style=\"margin: 1px 0pt 0pt 1em;\"><span>Finden Sie alle B\u00fccher, Informationen zum Autor<br \/> und mehr.<\/span><\/div>\n<div style=\"margin: 10px 0pt 0pt;\" class=\"tiny\"> <a href=\"http:\/\/www.amazon.de\/s\/ref=ntt_athr_dp_sr_pop_2?_encoding=UTF8&#038;search-alias=books-de&#038;field-author=Andr%C3%A9%20Liebe\">Suchergebnisse<\/a> f\u00fcr diesen Autor  <\/div>\n<div style=\"margin: 2px 0pt 0pt;\" class=\"tiny\">Sind Sie ein Autor?<br \/>\n        <a href=\"http:\/\/authorcentral.amazon.de\/ref=ntt_atc_dp_pel_2\">Erfahren Sie mehr \u00fcber Author Central<\/a>\n        <\/div>\n<\/p><\/div>\n<\/p><\/div>\n<p> <span class=\"byLinePipe\">(Autor)<\/span><\/p>\n<ul>\n<li><b>Gebundene Ausgabe:<\/b> 303 Seiten<\/li>\n<li><b>Verlag:<\/b> Kopp, Rottenburg (1. Oktober 2008)<\/li>\n<li><b>Sprache:<\/b> Deutsch<\/li>\n<li><b>ISBN-10:<\/b> 3938516755<\/li>\n<li><b>ISBN-13:<\/b> 978-3938516751<\/li>\n<li>antiquarisches Restexemplar<\/li>\n<li>\n<h3 class=\"productDescriptionSource\">Kurzbeschreibung<\/h3>\n<p>  Der Wettlauf zum Mond &#8230; ist in vollem Gange! Dabei spielt sich<br \/>\nhinter den Kulissen von Raunstation ISS und Space Shuttle Unglaubliches<br \/>\nab: Zivile Raumfahrtbeh\u00f6rden kooperieren mit Milit\u00e4r und Geheimdiensten.<br \/>\n Russland und die USA sind l\u00e4ngst nicht mehr die einzigen Nationen, die<br \/>\nsich am \u00bbSpacerace\u00ab beteiligen. Beim neuen \u00bbWettlauf zum Mond\u00ab kommt es<br \/>\nnicht darauf an, wer als Erster (wieder) bemannt zum Mond fliegt,<br \/>\nsondern wer die F\u00e4higkeit entwickelt, sich dauerhaft auf dem<br \/>\nErdtrabanten festzusetzen. Im Klartext: Es geht um die Besetzung und<br \/>\nBeherrschung des Mondes! Tats\u00e4chlich l\u00e4uft hinter den Kulissen der<br \/>\nMachtzentren dieser Welt ein von der \u00d6ffentlichkeit und den Medien<br \/>\nweitgehend unbemerktes milit\u00e4risches und geheimdienstliches Treiben<br \/>\nohnegleichen. Es dient nur einem Zweck: sich bei der Eroberung des<br \/>\nMondes die besten strategischen Positionen zu verschaffen.<\/p>\n<\/li>\n<\/ul>\n","protected":false},"excerpt":{"rendered":"<p>Mit dem Mond zur Weltherrschaft: Geheime Missionen im All [Gebundene Ausgabe] G. F. L. Stanglmeier &nbsp; G. F. L. Stanglmeier (Autor) \u203a Entdecken Sie G. F. L. Stanglmeier bei Amazon Finden Sie alle B\u00fccher, Informationen zum Autor und mehr. Suchergebnisse f\u00fcr diesen Autor Sind Sie ein Autor? Erfahren Sie mehr \u00fcber Author Central (Autor), Andr\u00e9 [&hellip;]<\/p>\n","protected":false},"featured_media":0,"comment_status":"closed","ping_status":"closed","template":"","meta":[],"product_cat":[173],"product_tag":[],"_links":{"self":[{"href":"http:\/\/andromeda-buecher.de\/buch2\/wp-json\/wp\/v2\/product\/10589"}],"collection":[{"href":"http:\/\/andromeda-buecher.de\/buch2\/wp-json\/wp\/v2\/product"}],"about":[{"href":"http:\/\/andromeda-buecher.de\/buch2\/wp-json\/wp\/v2\/types\/product"}],"replies":[{"embeddable":true,"href":"http:\/\/andromeda-buecher.de\/buch2\/wp-json\/wp\/v2\/comments?post=10589"}],"wp:attachment":[{"href":"http:\/\/andromeda-buecher.de\/buch2\/wp-json\/wp\/v2\/media?parent=10589"}],"wp:term":[{"taxonomy":"product_cat","embeddable":true,"href":"http:\/\/andromeda-buecher.de\/buch2\/wp-json\/wp\/v2\/product_cat?post=10589"},{"taxonomy":"product_tag","embeddable":true,"href":"http:\/\/andromeda-buecher.de\/buch2\/wp-json\/wp\/v2\/product_tag?post=10589"}],"curies":[{"name":"wp","href":"https:\/\/api.w.org\/{rel}","templated":true}]}}