{"id":10421,"date":"2016-03-19T17:09:18","date_gmt":"2016-03-19T17:09:18","guid":{"rendered":"http:\/\/andromeda-buecher.de\/buch2\/shop\/die-verletzte-pyramide-wie-neugier-geschichte-zerstoert\/"},"modified":"2016-03-26T16:22:14","modified_gmt":"2016-03-26T15:22:14","slug":"die-verletzte-pyramide-wie-neugier-geschichte-zerstoert","status":"publish","type":"product","link":"http:\/\/andromeda-buecher.de\/buch2\/produkt\/die-verletzte-pyramide-wie-neugier-geschichte-zerstoert\/","title":{"rendered":"Die verletzte Pyramide: Wie Neugier Geschichte zerst\u00f6rt"},"content":{"rendered":"<p><b>Alireza Zarei<\/b><\/p>\n<p><b>Die verletzte Pyramide\u00a0<\/b><\/p>\n<p><b>Wie Neugier Geschichte zerst\u00f6rt<\/b><\/p>\n<p>ISBN 978-3-935910-82-8, 231 Seiten, 73 s\/w-Abb., 13 Farb-Abb. Paperback,<br \/>\n<b>\u20ac 17,80 <\/b><\/p>\n<p>Nach<br \/>\nwie vor gibt uns die Cheops Pyramide R\u00e4tsel auf. R\u00e4tsel, die tief mit<br \/>\nder alt\u00e4gyptischen Kultur und Geschichte zusammenh\u00e4ngen und die wir<br \/>\ntrotz zahlreicher Untersuchungen, immer noch nicht l\u00f6sen konnten.<\/p>\n<p>Wom\u00f6glich<br \/>\nist das der Grund, weshalb eine geheime arch\u00e4ologische Gruppe<br \/>\nUntersuchungen im Herzen der Pyramide durchf\u00fchrt, die das letzte und<br \/>\n\u00e4lteste antike Weltwunder massiv besch\u00e4digt haben.<\/p>\n<p>Erstmals in der Geschichte kann die Existenz der so genannten \u201egeheimen \u00c4gyptologie\u201c unwiderlegbar bewiesen werden.<\/p>\n<p>Folgen<br \/>\nSie dem Autor durch detaillierte Analysen bestehender Theorien und<br \/>\nneuester Forschungser-gebnisse, um ein St\u00fcck dieses R\u00e4tsels zu l\u00f6sen.<\/p>\n","protected":false},"excerpt":{"rendered":"<p>Alireza Zarei Die verletzte Pyramide\u00a0 Wie Neugier Geschichte zerst\u00f6rt ISBN 978-3-935910-82-8, 231 Seiten, 73 s\/w-Abb., 13 Farb-Abb. Paperback, \u20ac 17,80 Nach wie vor gibt uns die Cheops Pyramide R\u00e4tsel auf. R\u00e4tsel, die tief mit der alt\u00e4gyptischen Kultur und Geschichte zusammenh\u00e4ngen und die wir trotz zahlreicher Untersuchungen, immer noch nicht l\u00f6sen konnten. Wom\u00f6glich ist das der [&hellip;]<\/p>\n","protected":false},"featured_media":13873,"comment_status":"closed","ping_status":"closed","template":"","meta":[],"product_cat":[157],"product_tag":[],"_links":{"self":[{"href":"http:\/\/andromeda-buecher.de\/buch2\/wp-json\/wp\/v2\/product\/10421"}],"collection":[{"href":"http:\/\/andromeda-buecher.de\/buch2\/wp-json\/wp\/v2\/product"}],"about":[{"href":"http:\/\/andromeda-buecher.de\/buch2\/wp-json\/wp\/v2\/types\/product"}],"replies":[{"embeddable":true,"href":"http:\/\/andromeda-buecher.de\/buch2\/wp-json\/wp\/v2\/comments?post=10421"}],"wp:featuredmedia":[{"embeddable":true,"href":"http:\/\/andromeda-buecher.de\/buch2\/wp-json\/wp\/v2\/media\/13873"}],"wp:attachment":[{"href":"http:\/\/andromeda-buecher.de\/buch2\/wp-json\/wp\/v2\/media?parent=10421"}],"wp:term":[{"taxonomy":"product_cat","embeddable":true,"href":"http:\/\/andromeda-buecher.de\/buch2\/wp-json\/wp\/v2\/product_cat?post=10421"},{"taxonomy":"product_tag","embeddable":true,"href":"http:\/\/andromeda-buecher.de\/buch2\/wp-json\/wp\/v2\/product_tag?post=10421"}],"curies":[{"name":"wp","href":"https:\/\/api.w.org\/{rel}","templated":true}]}}