{"id":10306,"date":"2016-03-19T17:08:58","date_gmt":"2016-03-19T17:08:58","guid":{"rendered":"http:\/\/andromeda-buecher.de\/buch2\/shop\/die-urspruenglichen-maerchen-der-brueder-grimm-die-wahren-geschichten-neu-entdeckt-jubilaeumsausgabe-200-jahre-handschriftliche-urfassung\/"},"modified":"2021-05-08T13:13:54","modified_gmt":"2021-05-08T11:13:54","slug":"die-urspruenglichen-maerchen-der-brueder-grimm-die-wahren-geschichten-neu-entdeckt-jubilaeumsausgabe-200-jahre-handschriftliche-urfassung","status":"publish","type":"product","link":"http:\/\/andromeda-buecher.de\/buch2\/produkt\/die-urspruenglichen-maerchen-der-brueder-grimm-die-wahren-geschichten-neu-entdeckt-jubilaeumsausgabe-200-jahre-handschriftliche-urfassung\/","title":{"rendered":"Die urspr\u00fcnglichen M\u00e4rchen der Br\u00fcder Grimm: Die wahren Geschichten neu entdeckt &#8211; Jubil\u00e4umsausgabe &#8211; 200 Jahre Handschriftliche Urfassung"},"content":{"rendered":"<p><span style=\"font-family: Arial;\"><b>Kurt Derungs (Hg.)<\/b><span style=\"color: #000080; font-size: x-large;\"><strong><br \/>\nDie urspr\u00fcnglichen M\u00e4rchen der Br\u00fcder Grimm<br \/>\n<\/strong><\/span><span style=\"font-size: large;\"><b>Die wahren Geschichten<br \/>\nneu entdeckt<\/b><\/span><\/span><\/p>\n<p><b><span style=\"font-family: Arial;\">Jubil\u00e4umsausgabe<br \/>\n&#8211; 200 Jahre Handschriftliche Urfassung<\/span><\/b><\/p>\n<p><span style=\"font-family: Arial; font-size: small;\">Wer auch immer mit den<br \/>\nverschiedenen Grimm-M\u00e4rchen arbeiten oder diese einfach<br \/>\nvortragen m\u00f6chte, findet hier die \u00e4lteren Texte und<br \/>\nFassungen der Zauberm\u00e4rchen abgedruckt, samt den<br \/>\nOriginalanmerkungen der Br\u00fcder Grimm und<br \/>\nweiterf\u00fchrenden Texten zur Kulturgeschichte.<br \/>\n<\/span><\/p>\n<table border=\"0\" width=\"475\">\n<tbody>\n<tr>\n<td width=\"54\"><\/td>\n<td width=\"395\"><b><span style=\"font-family: Arial;\">Aus dem Inhalt<\/span><\/b><\/td>\n<\/tr>\n<\/tbody>\n<\/table>\n<ul>\n<li><span style=\"font-family: Arial; font-size: small;\">Zauberm\u00e4rchen von<br \/>\n1810<\/span><\/li>\n<li><span style=\"font-family: Arial; font-size: small;\">Zauberm\u00e4rchen von<br \/>\n1812\/1815<\/span><\/li>\n<li><span style=\"font-family: Arial; font-size: small;\">Originalanmerkungen<br \/>\nder Br\u00fcder Grimm<\/span><\/li>\n<li><span style=\"font-family: Arial; font-size: small;\">Texte zur<br \/>\nKulturgeschichte:<\/span><\/li>\n<li><span style=\"font-family: Arial; font-size: small;\">Naturverbundenheit im<br \/>\nZauberm\u00e4rchen<\/span><\/li>\n<li><span style=\"font-family: Arial; font-size: small;\">Matriarchale<br \/>\nMythologie in den Zauberm\u00e4rchen<\/span><\/li>\n<li><span style=\"font-family: Arial; font-size: small;\">M\u00e4rchenpsychologie<br \/>\nuvm.<\/span><\/li>\n<\/ul>\n<p>&nbsp;<\/p>\n<table border=\"0\" width=\"80%\" bgcolor=\"#ffffff\">\n<tbody>\n<tr>\n<td width=\"54%\"><b><span style=\"font-family: Arial; font-size: small;\">Bibliografische<br \/>\nDaten<\/span><\/b><\/td>\n<td width=\"25%\"><b><span style=\"font-family: Arial; font-size: small;\">ISBN<\/span><\/b><\/td>\n<td width=\"21%\"><\/td>\n<\/tr>\n<tr>\n<td valign=\"top\" width=\"54%\"><span class=\"atvgrundtext\"><span style=\"font-family: Arial; font-size: small;\">392<br \/>\nSeiten<br \/>\nFormat 15 x 23 cm<br \/>\nBroschur mit Klappen<br \/>\nSachgebiete: M\u00e4rchen, Mythologie, Ethnologie,<br \/>\nGermanistik<br \/>\n2., erweiterte Neuauflage 2010<\/span><\/span><\/td>\n<td valign=\"top\" width=\"25%\"><span class=\"atvgrundtext\"><span style=\"font-family: Arial; font-size: small;\">978-3-905581-08-9<\/span><\/span><\/td>\n<td valign=\"top\" width=\"21%\"><\/td>\n<\/tr>\n<\/tbody>\n<\/table>\n<p align=\"right\"><a href=\"mailto:info@amalia.ch?subject=Bestellung&amp;body=1%20Ex%20Die%20urspruenglichen%20Maerchen%20der%20Brueder%20Grimm%20978-3-905581-08-9%20fuer%20%28Adresse%20und%20Email%29:\"><span style=\"color: #ff0000; font-family: Arial; font-size: large;\">\u00a0<\/span><\/a><\/p>\n<p>&nbsp;<\/p>\n<table border=\"0\" width=\"475\">\n<tbody>\n<tr>\n<td width=\"54\"><\/td>\n<td width=\"395\"><b><span style=\"font-family: Arial;\">Pressespiegel<\/span><\/b><\/td>\n<\/tr>\n<\/tbody>\n<\/table>\n<p>A<span style=\"font-family: Arial; font-size: small;\">usgew\u00e4hlte<br \/>\nZauberm\u00e4rchen der Handschriften, welche die Br\u00fcder<br \/>\nGrimm 1810 Clemens Brentano geschickt hatten, werden mit<br \/>\nden Fassungen der ersten Buchausgaben von 1812 bzw. 1815<br \/>\nverglichen und durch &#8218;Texte zur Kulturgeschichte&#8216;<br \/>\nerg\u00e4nzt. Kurt Derungs versucht, mit viel Liebe zum<br \/>\nM\u00e4rchen und genauer Sachkenntnis die redaktionelle<br \/>\nArbeit von Jacob und insbesondere Wilhelm Grimm bis zur<br \/>\nEdition von 1857 nachzuzeichnen. (Figura)<\/span><\/p>\n<p>&nbsp;<\/p>\n","protected":false},"excerpt":{"rendered":"<p>Kurt Derungs (Hg.) Die urspr\u00fcnglichen M\u00e4rchen der Br\u00fcder Grimm Die wahren Geschichten neu entdeckt Jubil\u00e4umsausgabe &#8211; 200 Jahre Handschriftliche Urfassung Wer auch immer mit den verschiedenen Grimm-M\u00e4rchen arbeiten oder diese einfach vortragen m\u00f6chte, findet hier die \u00e4lteren Texte und Fassungen der Zauberm\u00e4rchen abgedruckt, samt den Originalanmerkungen der Br\u00fcder Grimm und weiterf\u00fchrenden Texten zur Kulturgeschichte. Aus [&hellip;]<\/p>\n","protected":false},"featured_media":15642,"comment_status":"closed","ping_status":"closed","template":"","meta":[],"product_cat":[170],"product_tag":[],"_links":{"self":[{"href":"http:\/\/andromeda-buecher.de\/buch2\/wp-json\/wp\/v2\/product\/10306"}],"collection":[{"href":"http:\/\/andromeda-buecher.de\/buch2\/wp-json\/wp\/v2\/product"}],"about":[{"href":"http:\/\/andromeda-buecher.de\/buch2\/wp-json\/wp\/v2\/types\/product"}],"replies":[{"embeddable":true,"href":"http:\/\/andromeda-buecher.de\/buch2\/wp-json\/wp\/v2\/comments?post=10306"}],"wp:featuredmedia":[{"embeddable":true,"href":"http:\/\/andromeda-buecher.de\/buch2\/wp-json\/wp\/v2\/media\/15642"}],"wp:attachment":[{"href":"http:\/\/andromeda-buecher.de\/buch2\/wp-json\/wp\/v2\/media?parent=10306"}],"wp:term":[{"taxonomy":"product_cat","embeddable":true,"href":"http:\/\/andromeda-buecher.de\/buch2\/wp-json\/wp\/v2\/product_cat?post=10306"},{"taxonomy":"product_tag","embeddable":true,"href":"http:\/\/andromeda-buecher.de\/buch2\/wp-json\/wp\/v2\/product_tag?post=10306"}],"curies":[{"name":"wp","href":"https:\/\/api.w.org\/{rel}","templated":true}]}}