{"id":10159,"date":"2016-03-19T17:08:33","date_gmt":"2016-03-19T17:08:33","guid":{"rendered":"http:\/\/andromeda-buecher.de\/buch2\/shop\/der-biblische-moses-als-pulverfabrikant-raeuberhauptmann-und-erzbolschewist-quellentexte-zur-konservativen-revolution-die-voelkischen-band-7\/"},"modified":"2016-03-27T17:27:14","modified_gmt":"2016-03-27T15:27:14","slug":"der-biblische-moses-als-pulverfabrikant-raeuberhauptmann-und-erzbolschewist-quellentexte-zur-konservativen-revolution-die-voelkischen-band-7","status":"publish","type":"product","link":"http:\/\/andromeda-buecher.de\/buch2\/produkt\/der-biblische-moses-als-pulverfabrikant-raeuberhauptmann-und-erzbolschewist-quellentexte-zur-konservativen-revolution-die-voelkischen-band-7\/","title":{"rendered":"Der Biblische Moses als Pulverfabrikant, R\u00e4uberhauptmann und Erzbolschewist. (Quellentexte zur Konservativen Revolution, Die V\u00f6lkischen, Band 7)"},"content":{"rendered":"<p><b>J\u00fcrgens, Jens,<\/b><\/p>\n<p><strong>Der Biblische Moses als Pulverfabrikant, R\u00e4uberhauptmann und Erzbolschewist.<\/strong><\/p>\n<p>Eine<br \/>\nSchlussabrechnung des Germanentums mit Moses. seinem Gott und dem A.<br \/>\nTestament. Uwe Berg-Verlag\/Toppenstedt 2010, Nachdruck der Ausgabe<br \/>\nOrion\/Wei\u00dfenburg 1935, 108 S., OPbd. (Quellentexte zur Konservativen<br \/>\nRevolution, Die V\u00f6lkischen, Band 7).<\/p>\n<ul>\n<li><b>Gebundene Ausgabe:<\/b> 108 Seiten<\/li>\n<li><b>Verlag:<\/b> Uwe Berg-Verlag\/Toppenstedt; Auflage: Nachdruck der Ausgabe Orion\/Wei\u00dfenburg 1935 (2010)<\/li>\n<li><b>ISBN-10:<\/b> 3922119441<\/li>\n<li><b>ISBN-13:<\/b> 978-3922119449<\/li>\n<\/ul>\n<p>&nbsp;<\/p>\n","protected":false},"excerpt":{"rendered":"<p>J\u00fcrgens, Jens, Der Biblische Moses als Pulverfabrikant, R\u00e4uberhauptmann und Erzbolschewist. Eine Schlussabrechnung des Germanentums mit Moses. seinem Gott und dem A. Testament. Uwe Berg-Verlag\/Toppenstedt 2010, Nachdruck der Ausgabe Orion\/Wei\u00dfenburg 1935, 108 S., OPbd. (Quellentexte zur Konservativen Revolution, Die V\u00f6lkischen, Band 7). Gebundene Ausgabe: 108 Seiten Verlag: Uwe Berg-Verlag\/Toppenstedt; Auflage: Nachdruck der Ausgabe Orion\/Wei\u00dfenburg 1935 (2010) [&hellip;]<\/p>\n","protected":false},"featured_media":14403,"comment_status":"closed","ping_status":"closed","template":"","meta":[],"product_cat":[122],"product_tag":[],"_links":{"self":[{"href":"http:\/\/andromeda-buecher.de\/buch2\/wp-json\/wp\/v2\/product\/10159"}],"collection":[{"href":"http:\/\/andromeda-buecher.de\/buch2\/wp-json\/wp\/v2\/product"}],"about":[{"href":"http:\/\/andromeda-buecher.de\/buch2\/wp-json\/wp\/v2\/types\/product"}],"replies":[{"embeddable":true,"href":"http:\/\/andromeda-buecher.de\/buch2\/wp-json\/wp\/v2\/comments?post=10159"}],"wp:featuredmedia":[{"embeddable":true,"href":"http:\/\/andromeda-buecher.de\/buch2\/wp-json\/wp\/v2\/media\/14403"}],"wp:attachment":[{"href":"http:\/\/andromeda-buecher.de\/buch2\/wp-json\/wp\/v2\/media?parent=10159"}],"wp:term":[{"taxonomy":"product_cat","embeddable":true,"href":"http:\/\/andromeda-buecher.de\/buch2\/wp-json\/wp\/v2\/product_cat?post=10159"},{"taxonomy":"product_tag","embeddable":true,"href":"http:\/\/andromeda-buecher.de\/buch2\/wp-json\/wp\/v2\/product_tag?post=10159"}],"curies":[{"name":"wp","href":"https:\/\/api.w.org\/{rel}","templated":true}]}}